{"id":610,"date":"2020-05-15T09:04:25","date_gmt":"2020-05-15T09:04:25","guid":{"rendered":"https:\/\/domainedelabaronne.com\/?page_id=610"},"modified":"2020-05-29T06:55:49","modified_gmt":"2020-05-29T06:55:49","slug":"the-chalet","status":"publish","type":"page","link":"https:\/\/domainedelabaronne.com\/fr\/the-chalet\/","title":{"rendered":"Le chalet"},"content":{"rendered":"<div data-elementor-type=\"wp-post\" data-elementor-id=\"610\" class=\"elementor elementor-610\">\n\t\t\t\t\t\t<section class=\"elementor-section elementor-top-section elementor-element elementor-element-517ad8e elementor-section-full_width elementor-section-height-default elementor-section-height-default\" data-id=\"517ad8e\" data-element_type=\"section\" data-e-type=\"section\">\n\t\t\t\t\t\t\t<div class=\"elementor-background-overlay\"><\/div>\n\t\t\t\t\t\t\t<div class=\"elementor-container elementor-column-gap-no\">\n\t\t\t\t\t<div class=\"elementor-column elementor-col-100 elementor-top-column elementor-element elementor-element-2e942df\" data-id=\"2e942df\" data-element_type=\"column\" data-e-type=\"column\">\n\t\t\t<div class=\"elementor-widget-wrap elementor-element-populated\">\n\t\t\t\t\t\t<div class=\"elementor-element elementor-element-5c0250e elementor-widget elementor-widget-shortcode\" data-id=\"5c0250e\" data-element_type=\"widget\" data-e-type=\"widget\" data-widget_type=\"shortcode.default\">\n\t\t\t\t<div class=\"elementor-widget-container\">\n\t\t\t\t\t\t\t<div class=\"elementor-shortcode\"><div id=\"metaslider-id-1296\" style=\"width: 100%;\" class=\"ml-slider-3-107-0 metaslider metaslider-flex metaslider-1296 ml-slider ms-theme-default nav-hidden\" role=\"region\" aria-label=\"The chalet - normaal\" data-height=\"1280\" data-width=\"1920\">\n    <div id=\"metaslider_container_1296\">\n        <div id=\"metaslider_1296\">\n            <ul class='slides'>\n                <li style=\"display: block; width: 100%;\" class=\"slide-1324 ms-image\" aria-roledescription=\"slide\" data-date=\"2020-05-20 12:56:00\" data-filename=\"view-from-sittingroom-1.jpg\" data-slide-type=\"image\"><img fetchpriority=\"high\" decoding=\"async\" src=\"https:\/\/domainedelabaronne.com\/wp-content\/uploads\/2020\/05\/view-from-sittingroom-1.jpg\" height=\"1280\" width=\"1920\" alt=\"\" class=\"slider-1296 slide-1324 msDefaultImage\" title=\"view-from-sittingroom\" \/><\/li>\n                <li style=\"display: none; width: 100%;\" class=\"slide-1321 ms-image\" aria-roledescription=\"slide\" data-date=\"2020-05-20 12:56:00\" data-filename=\"view-domaine-de-la-baronne.jpg\" data-slide-type=\"image\"><img decoding=\"async\" src=\"https:\/\/domainedelabaronne.com\/wp-content\/uploads\/2020\/05\/view-domaine-de-la-baronne.jpg\" height=\"1280\" width=\"1920\" alt=\"\" class=\"slider-1296 slide-1321 msDefaultImage\" title=\"view-domaine-de-la-baronne\" \/><\/li>\n                <li style=\"display: none; width: 100%;\" class=\"slide-1322 ms-image\" aria-roledescription=\"slide\" data-date=\"2020-05-20 12:56:00\" data-filename=\"view-from-pre.jpg\" data-slide-type=\"image\"><img decoding=\"async\" src=\"https:\/\/domainedelabaronne.com\/wp-content\/uploads\/2020\/05\/view-from-pre.jpg\" height=\"1280\" width=\"1920\" alt=\"\" class=\"slider-1296 slide-1322 msDefaultImage\" title=\"view-from-pre\" \/><\/li>\n                <li style=\"display: none; width: 100%;\" class=\"slide-1305 ms-image\" aria-roledescription=\"slide\" data-date=\"2020-05-20 12:55:59\" data-filename=\"front.jpg\" data-slide-type=\"image\"><img loading=\"lazy\" decoding=\"async\" src=\"https:\/\/domainedelabaronne.com\/wp-content\/uploads\/2020\/05\/front.jpg\" height=\"1280\" width=\"1920\" alt=\"\" class=\"slider-1296 slide-1305 msDefaultImage\" title=\"front\" \/><\/li>\n                <li style=\"display: none; width: 100%;\" class=\"slide-1323 ms-image\" aria-roledescription=\"slide\" data-date=\"2020-05-20 12:56:00\" data-filename=\"view-pink-room.jpg\" data-slide-type=\"image\"><img loading=\"lazy\" decoding=\"async\" src=\"https:\/\/domainedelabaronne.com\/wp-content\/uploads\/2020\/05\/view-pink-room.jpg\" height=\"1280\" width=\"1920\" alt=\"\" class=\"slider-1296 slide-1323 msDefaultImage\" title=\"view-pink-room\" \/><\/li>\n                <li style=\"display: none; width: 100%;\" class=\"slide-1313 ms-image\" aria-roledescription=\"slide\" data-date=\"2020-05-20 12:55:59\" data-filename=\"outside-jacuzzi.jpg\" data-slide-type=\"image\"><img loading=\"lazy\" decoding=\"async\" src=\"https:\/\/domainedelabaronne.com\/wp-content\/uploads\/2020\/05\/outside-jacuzzi.jpg\" height=\"1280\" width=\"1920\" alt=\"\" class=\"slider-1296 slide-1313 msDefaultImage\" title=\"outside-jacuzzi\" \/><\/li>\n            <\/ul>\n        <\/div>\n        \n    <\/div>\n<\/div><\/div>\n\t\t\t\t\t\t<\/div>\n\t\t\t\t<\/div>\n\t\t\t\t\t<\/div>\n\t\t<\/div>\n\t\t\t\t\t<\/div>\n\t\t<\/section>\n\t\t\t\t<section class=\"elementor-section elementor-top-section elementor-element elementor-element-112353a elementor-section-content-top elementor-section-full_width elementor-section-height-default elementor-section-height-default\" data-id=\"112353a\" data-element_type=\"section\" data-e-type=\"section\" data-settings=\"{&quot;background_background&quot;:&quot;classic&quot;}\">\n\t\t\t\t\t\t<div class=\"elementor-container elementor-column-gap-default\">\n\t\t\t\t\t<div class=\"elementor-column elementor-col-100 elementor-top-column elementor-element elementor-element-6882126\" data-id=\"6882126\" data-element_type=\"column\" data-e-type=\"column\" data-settings=\"{&quot;background_background&quot;:&quot;classic&quot;}\">\n\t\t\t<div class=\"elementor-widget-wrap elementor-element-populated\">\n\t\t\t\t\t\t<section class=\"elementor-section elementor-inner-section elementor-element elementor-element-5feea24 elementor-section-content-top elementor-section-full_width elementor-section-height-default elementor-section-height-default\" data-id=\"5feea24\" data-element_type=\"section\" data-e-type=\"section\">\n\t\t\t\t\t\t<div class=\"elementor-container elementor-column-gap-default\">\n\t\t\t\t\t<div class=\"elementor-column elementor-col-100 elementor-inner-column elementor-element elementor-element-5e9e32f\" data-id=\"5e9e32f\" data-element_type=\"column\" data-e-type=\"column\" data-settings=\"{&quot;background_background&quot;:&quot;classic&quot;}\">\n\t\t\t<div class=\"elementor-widget-wrap elementor-element-populated\">\n\t\t\t\t\t\t<div class=\"elementor-element elementor-element-962a4ec elementor-widget elementor-widget-heading\" data-id=\"962a4ec\" data-element_type=\"widget\" data-e-type=\"widget\" data-widget_type=\"heading.default\">\n\t\t\t\t<div class=\"elementor-widget-container\">\n\t\t\t\t\t<h1 class=\"elementor-heading-title elementor-size-xl\">The Chalet - 4 - 16 persons<\/h1>\t\t\t\t<\/div>\n\t\t\t\t<\/div>\n\t\t\t\t\t<\/div>\n\t\t<\/div>\n\t\t\t\t\t<\/div>\n\t\t<\/section>\n\t\t\t\t<section class=\"elementor-section elementor-inner-section elementor-element elementor-element-19c875a elementor-section-full_width elementor-section-height-default elementor-section-height-default\" data-id=\"19c875a\" data-element_type=\"section\" data-e-type=\"section\">\n\t\t\t\t\t\t<div class=\"elementor-container elementor-column-gap-default\">\n\t\t\t\t\t<div class=\"elementor-column elementor-col-50 elementor-inner-column elementor-element elementor-element-ef268ee\" data-id=\"ef268ee\" data-element_type=\"column\" data-e-type=\"column\">\n\t\t\t<div class=\"elementor-widget-wrap elementor-element-populated\">\n\t\t\t\t\t\t<div class=\"elementor-element elementor-element-9c4e709 elementor-widget elementor-widget-text-editor\" data-id=\"9c4e709\" data-element_type=\"widget\" data-e-type=\"widget\" data-widget_type=\"text-editor.default\">\n\t\t\t\t<div class=\"elementor-widget-container\">\n\t\t\t\t\t\t\t\t\t<p style=\"text-align: left;\">Au fil des ann\u00e9es de nombreuses personnes c\u00e9l\u00e8bres du monde des arts, du foot , de la politique, de la t\u00e9l\u00e9 et du cin\u00e9ma ont appr\u00e9ci\u00e9 ce chalet et ses vues magnifiques sur le Cervin, le Weisshorn, le Mont Blanc et la vall\u00e9e du Rh\u00f4ne.  La combinaison du confort moderne avec l'am\u00e9nagement classique fait de lui un chalet unique.<\/p><p style=\"text-align: left;\">Domaine de la Baronne offre des chambres tr\u00e8s spacieuses et est situ\u00e9 \u00e0 seulement 3 minutes des pistes.<\/p><p style=\"text-align: left;\">Facilit\u00e9s<\/p><ul><li style=\"text-align: left;\">Jacuzzi ext\u00e9rieur<\/li><li style=\"text-align: left;\">Sauna &amp; Gym<\/li><li style=\"text-align: left;\">Chambre de massage<\/li><li style=\"text-align: left;\">Steinway Grand Piano<\/li><li style=\"text-align: left;\">2 chemin\u00e9es &amp; feu de bois<\/li><li style=\"text-align: left;\">C\u00e2ble TV, DVD, HIFI, Home cin\u00e9ma<\/li><li style=\"text-align: left;\">WIFI dans tout le chalet<\/li><li style=\"text-align: left;\">Bureau avec ordinateur, scanner et imprimante<\/li><li style=\"text-align: left;\">Cuisine enti\u00e8rement \u00e9quip\u00e9e<\/li><li style=\"text-align: left;\">Buanderie<\/li><li style=\"text-align: left;\">Appartement pour personnel<\/li><li style=\"text-align: left;\">Carnotzet: une chambre traditionnelle valaisanne avec chemin\u00e9e pour d\u00e9guster le raclet et salle de jeux pour les enfants<\/li><li style=\"text-align: left;\">Plusieurs balcons donnant sur le sud, dont le plus grand est chauff\u00e9<\/li><li style=\"text-align: left;\">Grand jardin priv\u00e9<\/li><li style=\"text-align: left;\">Chambre de ski avec un chauffage pour les chaussures de ski<\/li><\/ul>\t\t\t\t\t\t\t\t<\/div>\n\t\t\t\t<\/div>\n\t\t\t\t<div class=\"elementor-element elementor-element-ddff259 elementor-widget elementor-widget-text-editor\" data-id=\"ddff259\" data-element_type=\"widget\" data-e-type=\"widget\" data-widget_type=\"text-editor.default\">\n\t\t\t\t<div class=\"elementor-widget-container\">\n\t\t\t\t\t\t\t\t\t<p>Des questions? N'h\u00e9sitez pas \u00e0 <a href=\"https:\/\/domainedelabaronne.com\/fr\/contact\/\">nous contacter<\/a>.<\/p>\t\t\t\t\t\t\t\t<\/div>\n\t\t\t\t<\/div>\n\t\t\t\t\t<\/div>\n\t\t<\/div>\n\t\t\t\t<div class=\"elementor-column elementor-col-50 elementor-inner-column elementor-element elementor-element-226ef97\" data-id=\"226ef97\" data-element_type=\"column\" data-e-type=\"column\">\n\t\t\t<div class=\"elementor-widget-wrap elementor-element-populated\">\n\t\t\t\t\t\t<div class=\"elementor-element elementor-element-7071147 elementor-widget elementor-widget-image\" data-id=\"7071147\" data-element_type=\"widget\" data-e-type=\"widget\" data-widget_type=\"image.default\">\n\t\t\t\t<div class=\"elementor-widget-container\">\n\t\t\t\t\t\t\t\t\t\t\t\t<figure class=\"wp-caption\">\n\t\t\t\t\t\t\t\t\t\t\t<a href=\"https:\/\/domainedelabaronne.com\/wp-content\/uploads\/2020\/05\/floorplangrand.jpg\" data-elementor-open-lightbox=\"yes\" data-e-action-hash=\"#elementor-action%3Aaction%3Dlightbox%26settings%3DeyJpZCI6NjMwLCJ1cmwiOiJodHRwczpcL1wvZG9tYWluZWRlbGFiYXJvbm5lLmNvbVwvd3AtY29udGVudFwvdXBsb2Fkc1wvMjAyMFwvMDVcL2Zsb29ycGxhbmdyYW5kLmpwZyJ9\">\n\t\t\t\t\t\t\t<img loading=\"lazy\" decoding=\"async\" width=\"600\" height=\"494\" src=\"https:\/\/domainedelabaronne.com\/wp-content\/uploads\/2020\/05\/floorplangrand.jpg\" class=\"attachment-large size-large wp-image-630\" alt=\"\" srcset=\"https:\/\/domainedelabaronne.com\/wp-content\/uploads\/2020\/05\/floorplangrand.jpg 600w, https:\/\/domainedelabaronne.com\/wp-content\/uploads\/2020\/05\/floorplangrand-300x247.jpg 300w\" sizes=\"(max-width: 600px) 100vw, 600px\" \/>\t\t\t\t\t\t\t\t<\/a>\n\t\t\t\t\t\t\t\t\t\t\t<figcaption class=\"widget-image-caption wp-caption-text\">Plan du chalet, cliquez sur l'image pour agrandir<\/figcaption>\n\t\t\t\t\t\t\t\t\t\t<\/figure>\n\t\t\t\t\t\t\t\t\t<\/div>\n\t\t\t\t<\/div>\n\t\t\t\t<div class=\"elementor-element elementor-element-8346081 elementor-widget elementor-widget-image\" data-id=\"8346081\" data-element_type=\"widget\" data-e-type=\"widget\" data-widget_type=\"image.default\">\n\t\t\t\t<div class=\"elementor-widget-container\">\n\t\t\t\t\t\t\t\t\t\t\t\t<figure class=\"wp-caption\">\n\t\t\t\t\t\t\t\t\t\t\t<a href=\"https:\/\/domainedelabaronne.com\/wp-content\/uploads\/2020\/05\/map-crans-montana-big.jpg\" data-elementor-open-lightbox=\"yes\" data-e-action-hash=\"#elementor-action%3Aaction%3Dlightbox%26settings%3DeyJpZCI6NjMyLCJ1cmwiOiJodHRwczpcL1wvZG9tYWluZWRlbGFiYXJvbm5lLmNvbVwvd3AtY29udGVudFwvdXBsb2Fkc1wvMjAyMFwvMDVcL21hcC1jcmFucy1tb250YW5hLWJpZy5qcGcifQ%3D%3D\">\n\t\t\t\t\t\t\t<img loading=\"lazy\" decoding=\"async\" width=\"870\" height=\"572\" src=\"https:\/\/domainedelabaronne.com\/wp-content\/uploads\/2020\/05\/map-crans-montana-big.jpg\" class=\"attachment-large size-large wp-image-632\" alt=\"\" srcset=\"https:\/\/domainedelabaronne.com\/wp-content\/uploads\/2020\/05\/map-crans-montana-big.jpg 870w, https:\/\/domainedelabaronne.com\/wp-content\/uploads\/2020\/05\/map-crans-montana-big-600x394.jpg 600w, https:\/\/domainedelabaronne.com\/wp-content\/uploads\/2020\/05\/map-crans-montana-big-300x197.jpg 300w, https:\/\/domainedelabaronne.com\/wp-content\/uploads\/2020\/05\/map-crans-montana-big-768x505.jpg 768w\" sizes=\"(max-width: 870px) 100vw, 870px\" \/>\t\t\t\t\t\t\t\t<\/a>\n\t\t\t\t\t\t\t\t\t\t\t<figcaption class=\"widget-image-caption wp-caption-text\">Plan de Crans-Montana, cliquez sur l'image pour agrandir<\/figcaption>\n\t\t\t\t\t\t\t\t\t\t<\/figure>\n\t\t\t\t\t\t\t\t\t<\/div>\n\t\t\t\t<\/div>\n\t\t\t\t<div class=\"elementor-element elementor-element-f09a17b elementor-widget elementor-widget-wp-widget-nav_menu\" data-id=\"f09a17b\" data-element_type=\"widget\" data-e-type=\"widget\" data-widget_type=\"wp-widget-nav_menu.default\">\n\t\t\t\t<div class=\"elementor-widget-container\">\n\t\t\t\t\t<h5>Le chalet<\/h5><div class=\"menu-pagina-menu-the-chalet-container\"><ul id=\"menu-pagina-menu-the-chalet\" class=\"menu\"><li id=\"menu-item-648\" class=\"menu-item menu-item-type-post_type menu-item-object-page menu-item-648\"><a href=\"https:\/\/domainedelabaronne.com\/fr\/the-chalet\/\">Le chalet<\/a><\/li>\n<li id=\"menu-item-649\" class=\"menu-item menu-item-type-post_type menu-item-object-page menu-item-649\"><a href=\"https:\/\/domainedelabaronne.com\/fr\/the-chalet\/sleeping\/\">Chambres \u00e0 coucher<\/a><\/li>\n<li id=\"menu-item-662\" class=\"menu-item menu-item-type-post_type menu-item-object-page menu-item-662\"><a href=\"https:\/\/domainedelabaronne.com\/fr\/the-chalet\/living\/\">Living<\/a><\/li>\n<li id=\"menu-item-694\" class=\"menu-item menu-item-type-post_type menu-item-object-page menu-item-694\"><a href=\"https:\/\/domainedelabaronne.com\/fr\/the-chalet\/spa-staff\/\">Spa &amp; personnel<\/a><\/li>\n<li id=\"menu-item-693\" class=\"menu-item menu-item-type-post_type menu-item-object-page menu-item-693\"><a href=\"https:\/\/domainedelabaronne.com\/fr\/the-chalet\/location\/\">Localisation<\/a><\/li>\n<\/ul><\/div>\t\t\t\t<\/div>\n\t\t\t\t<\/div>\n\t\t\t\t\t<\/div>\n\t\t<\/div>\n\t\t\t\t\t<\/div>\n\t\t<\/section>\n\t\t\t\t\t<\/div>\n\t\t<\/div>\n\t\t\t\t\t<\/div>\n\t\t<\/section>\n\t\t\t\t<\/div>","protected":false},"excerpt":{"rendered":"<p>The Chalet &#8211; 4 &#8211; 16 persons Over the years many famous personalities from the worlds of arts, politics, soccer, TV and film have enjoyed this chalet and its gorgeous views on the Matterhorn, the Weisshorn, the Mont Blanc and over the Rhone Valley. The chalet boasts with traditional luxury and modern comfort. Located only&hellip;&nbsp;<a href=\"https:\/\/domainedelabaronne.com\/fr\/the-chalet\/\" class=\"\" rel=\"bookmark\">Lire la suite &raquo;<span class=\"screen-reader-text\">Le chalet<\/span><\/a><\/p>","protected":false},"author":1,"featured_media":0,"parent":0,"menu_order":0,"comment_status":"closed","ping_status":"closed","template":"elementor_header_footer","meta":{"footnotes":""},"class_list":["post-610","page","type-page","status-publish","hentry"],"yoast_head":"<!-- This site is optimized with the Yoast SEO plugin v27.4 - https:\/\/yoast.com\/product\/yoast-seo-wordpress\/ -->\n<title>The Chalet - Domaine de la Baronne<\/title>\n<meta name=\"robots\" content=\"index, follow, max-snippet:-1, max-image-preview:large, max-video-preview:-1\" \/>\n<link rel=\"canonical\" href=\"https:\/\/domainedelabaronne.com\/fr\/the-chalet\/\" \/>\n<meta property=\"og:locale\" content=\"fr_FR\" \/>\n<meta property=\"og:type\" content=\"article\" \/>\n<meta property=\"og:title\" content=\"The Chalet - Domaine de la Baronne\" \/>\n<meta property=\"og:description\" content=\"The Chalet &#8211; 4 &#8211; 16 persons Over the years many famous personalities from the worlds of arts, politics, soccer, TV and film have enjoyed this chalet and its gorgeous views on the Matterhorn, the Weisshorn, the Mont Blanc and over the Rhone Valley. The chalet boasts with traditional luxury and modern comfort. Located only&hellip;&nbsp;Lire la suite &raquo;The Chalet\" \/>\n<meta property=\"og:url\" content=\"https:\/\/domainedelabaronne.com\/fr\/the-chalet\/\" \/>\n<meta property=\"og:site_name\" content=\"Domaine de la Baronne\" \/>\n<meta property=\"article:modified_time\" content=\"2020-05-29T06:55:49+00:00\" \/>\n<meta property=\"og:image\" content=\"https:\/\/domainedelabaronne.com\/wp-content\/uploads\/2020\/05\/floorplangrand.jpg\" \/>\n<meta name=\"twitter:card\" content=\"summary_large_image\" \/>\n<meta name=\"twitter:label1\" content=\"Dur\u00e9e de lecture estim\u00e9e\" \/>\n\t<meta name=\"twitter:data1\" content=\"1 minute\" \/>\n<script type=\"application\/ld+json\" class=\"yoast-schema-graph\">{\"@context\":\"https:\\\/\\\/schema.org\",\"@graph\":[{\"@type\":\"WebPage\",\"@id\":\"https:\\\/\\\/domainedelabaronne.com\\\/the-chalet\\\/\",\"url\":\"https:\\\/\\\/domainedelabaronne.com\\\/the-chalet\\\/\",\"name\":\"The Chalet - Domaine de la Baronne\",\"isPartOf\":{\"@id\":\"https:\\\/\\\/domainedelabaronne.com\\\/fr\\\/#website\"},\"primaryImageOfPage\":{\"@id\":\"https:\\\/\\\/domainedelabaronne.com\\\/the-chalet\\\/#primaryimage\"},\"image\":{\"@id\":\"https:\\\/\\\/domainedelabaronne.com\\\/the-chalet\\\/#primaryimage\"},\"thumbnailUrl\":\"https:\\\/\\\/domainedelabaronne.com\\\/wp-content\\\/uploads\\\/2020\\\/05\\\/floorplangrand.jpg\",\"datePublished\":\"2020-05-15T09:04:25+00:00\",\"dateModified\":\"2020-05-29T06:55:49+00:00\",\"breadcrumb\":{\"@id\":\"https:\\\/\\\/domainedelabaronne.com\\\/the-chalet\\\/#breadcrumb\"},\"inLanguage\":\"fr-FR\",\"potentialAction\":[{\"@type\":\"ReadAction\",\"target\":[\"https:\\\/\\\/domainedelabaronne.com\\\/the-chalet\\\/\"]}]},{\"@type\":\"ImageObject\",\"inLanguage\":\"fr-FR\",\"@id\":\"https:\\\/\\\/domainedelabaronne.com\\\/the-chalet\\\/#primaryimage\",\"url\":\"https:\\\/\\\/domainedelabaronne.com\\\/wp-content\\\/uploads\\\/2020\\\/05\\\/floorplangrand.jpg\",\"contentUrl\":\"https:\\\/\\\/domainedelabaronne.com\\\/wp-content\\\/uploads\\\/2020\\\/05\\\/floorplangrand.jpg\"},{\"@type\":\"BreadcrumbList\",\"@id\":\"https:\\\/\\\/domainedelabaronne.com\\\/the-chalet\\\/#breadcrumb\",\"itemListElement\":[{\"@type\":\"ListItem\",\"position\":1,\"name\":\"Home\",\"item\":\"https:\\\/\\\/domainedelabaronne.com\\\/fr\\\/\"},{\"@type\":\"ListItem\",\"position\":2,\"name\":\"The Chalet\"}]},{\"@type\":\"WebSite\",\"@id\":\"https:\\\/\\\/domainedelabaronne.com\\\/fr\\\/#website\",\"url\":\"https:\\\/\\\/domainedelabaronne.com\\\/fr\\\/\",\"name\":\"Domaine de la Baronne\",\"description\":\"Luxury alpine chalet in Swiss. Jacuzzi, sauna and fitness\",\"publisher\":{\"@id\":\"https:\\\/\\\/domainedelabaronne.com\\\/fr\\\/#organization\"},\"potentialAction\":[{\"@type\":\"SearchAction\",\"target\":{\"@type\":\"EntryPoint\",\"urlTemplate\":\"https:\\\/\\\/domainedelabaronne.com\\\/fr\\\/?s={search_term_string}\"},\"query-input\":{\"@type\":\"PropertyValueSpecification\",\"valueRequired\":true,\"valueName\":\"search_term_string\"}}],\"inLanguage\":\"fr-FR\"},{\"@type\":\"Organization\",\"@id\":\"https:\\\/\\\/domainedelabaronne.com\\\/fr\\\/#organization\",\"name\":\"Domaine de la Baronne\",\"url\":\"https:\\\/\\\/domainedelabaronne.com\\\/fr\\\/\",\"logo\":{\"@type\":\"ImageObject\",\"inLanguage\":\"fr-FR\",\"@id\":\"https:\\\/\\\/domainedelabaronne.com\\\/fr\\\/#\\\/schema\\\/logo\\\/image\\\/\",\"url\":\"https:\\\/\\\/domainedelabaronne.com\\\/wp-content\\\/uploads\\\/2020\\\/05\\\/Logo-ddlb-2013-grijs.png\",\"contentUrl\":\"https:\\\/\\\/domainedelabaronne.com\\\/wp-content\\\/uploads\\\/2020\\\/05\\\/Logo-ddlb-2013-grijs.png\",\"width\":421,\"height\":133,\"caption\":\"Domaine de la Baronne\"},\"image\":{\"@id\":\"https:\\\/\\\/domainedelabaronne.com\\\/fr\\\/#\\\/schema\\\/logo\\\/image\\\/\"}}]}<\/script>\n<!-- \/ Yoast SEO plugin. -->","yoast_head_json":{"title":"The Chalet - Domaine de la Baronne","robots":{"index":"index","follow":"follow","max-snippet":"max-snippet:-1","max-image-preview":"max-image-preview:large","max-video-preview":"max-video-preview:-1"},"canonical":"https:\/\/domainedelabaronne.com\/fr\/the-chalet\/","og_locale":"fr_FR","og_type":"article","og_title":"The Chalet - Domaine de la Baronne","og_description":"The Chalet &#8211; 4 &#8211; 16 persons Over the years many famous personalities from the worlds of arts, politics, soccer, TV and film have enjoyed this chalet and its gorgeous views on the Matterhorn, the Weisshorn, the Mont Blanc and over the Rhone Valley. The chalet boasts with traditional luxury and modern comfort. Located only&hellip;&nbsp;Lire la suite &raquo;The Chalet","og_url":"https:\/\/domainedelabaronne.com\/fr\/the-chalet\/","og_site_name":"Domaine de la Baronne","article_modified_time":"2020-05-29T06:55:49+00:00","og_image":[{"url":"https:\/\/domainedelabaronne.com\/wp-content\/uploads\/2020\/05\/floorplangrand.jpg","type":"","width":"","height":""}],"twitter_card":"summary_large_image","twitter_misc":{"Dur\u00e9e de lecture estim\u00e9e":"1 minute"},"schema":{"@context":"https:\/\/schema.org","@graph":[{"@type":"WebPage","@id":"https:\/\/domainedelabaronne.com\/the-chalet\/","url":"https:\/\/domainedelabaronne.com\/the-chalet\/","name":"The Chalet - Domaine de la Baronne","isPartOf":{"@id":"https:\/\/domainedelabaronne.com\/fr\/#website"},"primaryImageOfPage":{"@id":"https:\/\/domainedelabaronne.com\/the-chalet\/#primaryimage"},"image":{"@id":"https:\/\/domainedelabaronne.com\/the-chalet\/#primaryimage"},"thumbnailUrl":"https:\/\/domainedelabaronne.com\/wp-content\/uploads\/2020\/05\/floorplangrand.jpg","datePublished":"2020-05-15T09:04:25+00:00","dateModified":"2020-05-29T06:55:49+00:00","breadcrumb":{"@id":"https:\/\/domainedelabaronne.com\/the-chalet\/#breadcrumb"},"inLanguage":"fr-FR","potentialAction":[{"@type":"ReadAction","target":["https:\/\/domainedelabaronne.com\/the-chalet\/"]}]},{"@type":"ImageObject","inLanguage":"fr-FR","@id":"https:\/\/domainedelabaronne.com\/the-chalet\/#primaryimage","url":"https:\/\/domainedelabaronne.com\/wp-content\/uploads\/2020\/05\/floorplangrand.jpg","contentUrl":"https:\/\/domainedelabaronne.com\/wp-content\/uploads\/2020\/05\/floorplangrand.jpg"},{"@type":"BreadcrumbList","@id":"https:\/\/domainedelabaronne.com\/the-chalet\/#breadcrumb","itemListElement":[{"@type":"ListItem","position":1,"name":"Home","item":"https:\/\/domainedelabaronne.com\/fr\/"},{"@type":"ListItem","position":2,"name":"The Chalet"}]},{"@type":"WebSite","@id":"https:\/\/domainedelabaronne.com\/fr\/#website","url":"https:\/\/domainedelabaronne.com\/fr\/","name":"Domaine de la Baronne","description":"Luxury alpine chalet in Swiss. Jacuzzi, sauna and fitness","publisher":{"@id":"https:\/\/domainedelabaronne.com\/fr\/#organization"},"potentialAction":[{"@type":"SearchAction","target":{"@type":"EntryPoint","urlTemplate":"https:\/\/domainedelabaronne.com\/fr\/?s={search_term_string}"},"query-input":{"@type":"PropertyValueSpecification","valueRequired":true,"valueName":"search_term_string"}}],"inLanguage":"fr-FR"},{"@type":"Organization","@id":"https:\/\/domainedelabaronne.com\/fr\/#organization","name":"Domaine de la Baronne","url":"https:\/\/domainedelabaronne.com\/fr\/","logo":{"@type":"ImageObject","inLanguage":"fr-FR","@id":"https:\/\/domainedelabaronne.com\/fr\/#\/schema\/logo\/image\/","url":"https:\/\/domainedelabaronne.com\/wp-content\/uploads\/2020\/05\/Logo-ddlb-2013-grijs.png","contentUrl":"https:\/\/domainedelabaronne.com\/wp-content\/uploads\/2020\/05\/Logo-ddlb-2013-grijs.png","width":421,"height":133,"caption":"Domaine de la Baronne"},"image":{"@id":"https:\/\/domainedelabaronne.com\/fr\/#\/schema\/logo\/image\/"}}]}},"jetpack_sharing_enabled":true,"_links":{"self":[{"href":"https:\/\/domainedelabaronne.com\/fr\/wp-json\/wp\/v2\/pages\/610","targetHints":{"allow":["GET"]}}],"collection":[{"href":"https:\/\/domainedelabaronne.com\/fr\/wp-json\/wp\/v2\/pages"}],"about":[{"href":"https:\/\/domainedelabaronne.com\/fr\/wp-json\/wp\/v2\/types\/page"}],"author":[{"embeddable":true,"href":"https:\/\/domainedelabaronne.com\/fr\/wp-json\/wp\/v2\/users\/1"}],"replies":[{"embeddable":true,"href":"https:\/\/domainedelabaronne.com\/fr\/wp-json\/wp\/v2\/comments?post=610"}],"version-history":[{"count":50,"href":"https:\/\/domainedelabaronne.com\/fr\/wp-json\/wp\/v2\/pages\/610\/revisions"}],"predecessor-version":[{"id":1916,"href":"https:\/\/domainedelabaronne.com\/fr\/wp-json\/wp\/v2\/pages\/610\/revisions\/1916"}],"wp:attachment":[{"href":"https:\/\/domainedelabaronne.com\/fr\/wp-json\/wp\/v2\/media?parent=610"}],"curies":[{"name":"wp","href":"https:\/\/api.w.org\/{rel}","templated":true}]}}