{"id":655,"date":"2020-05-15T09:54:29","date_gmt":"2020-05-15T09:54:29","guid":{"rendered":"https:\/\/domainedelabaronne.com\/?page_id=655"},"modified":"2020-05-29T06:55:30","modified_gmt":"2020-05-29T06:55:30","slug":"living","status":"publish","type":"page","link":"https:\/\/domainedelabaronne.com\/fr\/the-chalet\/living\/","title":{"rendered":"Living"},"content":{"rendered":"<div data-elementor-type=\"wp-post\" data-elementor-id=\"655\" class=\"elementor elementor-655\">\n\t\t\t\t\t\t<section class=\"elementor-section elementor-top-section elementor-element elementor-element-517ad8e elementor-section-full_width elementor-section-height-default elementor-section-height-default\" data-id=\"517ad8e\" data-element_type=\"section\" data-e-type=\"section\" data-settings=\"{&quot;background_background&quot;:&quot;classic&quot;}\">\n\t\t\t\t\t\t\t<div class=\"elementor-background-overlay\"><\/div>\n\t\t\t\t\t\t\t<div class=\"elementor-container elementor-column-gap-no\">\n\t\t\t\t\t<div class=\"elementor-column elementor-col-100 elementor-top-column elementor-element elementor-element-2e942df\" data-id=\"2e942df\" data-element_type=\"column\" data-e-type=\"column\">\n\t\t\t<div class=\"elementor-widget-wrap elementor-element-populated\">\n\t\t\t\t\t\t<div class=\"elementor-element elementor-element-42af97e elementor-widget elementor-widget-shortcode\" data-id=\"42af97e\" data-element_type=\"widget\" data-e-type=\"widget\" data-widget_type=\"shortcode.default\">\n\t\t\t\t<div class=\"elementor-widget-container\">\n\t\t\t\t\t\t\t<div class=\"elementor-shortcode\"><div id=\"metaslider-id-1364\" style=\"width: 100%;\" class=\"ml-slider-3-107-0 metaslider metaslider-flex metaslider-1364 ml-slider ms-theme-default nav-hidden\" role=\"region\" aria-label=\"The chalet - living\" data-height=\"1280\" data-width=\"1920\">\n    <div id=\"metaslider_container_1364\">\n        <div id=\"metaslider_1364\">\n            <ul class='slides'>\n                <li style=\"display: block; width: 100%;\" class=\"slide-1384 ms-image\" aria-roledescription=\"slide\" data-date=\"2020-05-20 13:30:40\" data-filename=\"sitting-area.jpg\" data-slide-type=\"image\"><img fetchpriority=\"high\" decoding=\"async\" src=\"https:\/\/domainedelabaronne.com\/wp-content\/uploads\/2020\/05\/sitting-area.jpg\" height=\"1280\" width=\"1920\" alt=\"\" class=\"slider-1364 slide-1384 msDefaultImage\" title=\"sitting-area\" \/><\/li>\n                <li style=\"display: none; width: 100%;\" class=\"slide-1385 ms-image\" aria-roledescription=\"slide\" data-date=\"2020-05-20 13:30:40\" data-filename=\"sittingroom-2.jpg\" data-slide-type=\"image\"><img decoding=\"async\" src=\"https:\/\/domainedelabaronne.com\/wp-content\/uploads\/2020\/05\/sittingroom-2.jpg\" height=\"1280\" width=\"1920\" alt=\"\" class=\"slider-1364 slide-1385 msDefaultImage\" title=\"sittingroom-2\" \/><\/li>\n                <li style=\"display: none; width: 100%;\" class=\"slide-1374 ms-image\" aria-roledescription=\"slide\" data-date=\"2020-05-20 13:30:39\" data-filename=\"grand-piano.jpg\" data-slide-type=\"image\"><img decoding=\"async\" src=\"https:\/\/domainedelabaronne.com\/wp-content\/uploads\/2020\/05\/grand-piano.jpg\" height=\"1280\" width=\"1920\" alt=\"\" class=\"slider-1364 slide-1374 msDefaultImage\" title=\"grand-piano\" \/><\/li>\n                <li style=\"display: none; width: 100%;\" class=\"slide-1393 ms-image\" aria-roledescription=\"slide\" data-date=\"2020-05-20 13:32:42\" data-filename=\"study-2.jpg\" data-slide-type=\"image\"><img loading=\"lazy\" decoding=\"async\" src=\"https:\/\/domainedelabaronne.com\/wp-content\/uploads\/2020\/05\/study-2.jpg\" height=\"1280\" width=\"1920\" alt=\"\" class=\"slider-1364 slide-1393 msDefaultImage\" title=\"study-2\" \/><\/li>\n                <li style=\"display: none; width: 100%;\" class=\"slide-1371 ms-image\" aria-roledescription=\"slide\" data-date=\"2020-05-20 13:30:39\" data-filename=\"dining-room.jpg\" data-slide-type=\"image\"><img loading=\"lazy\" decoding=\"async\" src=\"https:\/\/domainedelabaronne.com\/wp-content\/uploads\/2020\/05\/dining-room.jpg\" height=\"1280\" width=\"1920\" alt=\"\" class=\"slider-1364 slide-1371 msDefaultImage\" title=\"dining-room\" \/><\/li>\n            <\/ul>\n        <\/div>\n        \n    <\/div>\n<\/div><\/div>\n\t\t\t\t\t\t<\/div>\n\t\t\t\t<\/div>\n\t\t\t\t\t<\/div>\n\t\t<\/div>\n\t\t\t\t\t<\/div>\n\t\t<\/section>\n\t\t\t\t<section class=\"elementor-section elementor-top-section elementor-element elementor-element-112353a elementor-section-content-top elementor-section-full_width elementor-section-height-default elementor-section-height-default\" data-id=\"112353a\" data-element_type=\"section\" data-e-type=\"section\" data-settings=\"{&quot;background_background&quot;:&quot;classic&quot;}\">\n\t\t\t\t\t\t<div class=\"elementor-container elementor-column-gap-default\">\n\t\t\t\t\t<div class=\"elementor-column elementor-col-100 elementor-top-column elementor-element elementor-element-6882126\" data-id=\"6882126\" data-element_type=\"column\" data-e-type=\"column\" data-settings=\"{&quot;background_background&quot;:&quot;classic&quot;}\">\n\t\t\t<div class=\"elementor-widget-wrap elementor-element-populated\">\n\t\t\t\t\t\t<section class=\"elementor-section elementor-inner-section elementor-element elementor-element-5feea24 elementor-section-content-top elementor-section-full_width elementor-section-height-default elementor-section-height-default\" data-id=\"5feea24\" data-element_type=\"section\" data-e-type=\"section\">\n\t\t\t\t\t\t<div class=\"elementor-container elementor-column-gap-default\">\n\t\t\t\t\t<div class=\"elementor-column elementor-col-100 elementor-inner-column elementor-element elementor-element-5e9e32f\" data-id=\"5e9e32f\" data-element_type=\"column\" data-e-type=\"column\" data-settings=\"{&quot;background_background&quot;:&quot;classic&quot;}\">\n\t\t\t<div class=\"elementor-widget-wrap elementor-element-populated\">\n\t\t\t\t\t\t<div class=\"elementor-element elementor-element-962a4ec elementor-widget elementor-widget-heading\" data-id=\"962a4ec\" data-element_type=\"widget\" data-e-type=\"widget\" data-widget_type=\"heading.default\">\n\t\t\t\t<div class=\"elementor-widget-container\">\n\t\t\t\t\t<h1 class=\"elementor-heading-title elementor-size-xl\">The Chalet - Living<\/h1>\t\t\t\t<\/div>\n\t\t\t\t<\/div>\n\t\t\t\t\t<\/div>\n\t\t<\/div>\n\t\t\t\t\t<\/div>\n\t\t<\/section>\n\t\t\t\t<section class=\"elementor-section elementor-inner-section elementor-element elementor-element-19c875a elementor-section-full_width elementor-section-height-default elementor-section-height-default\" data-id=\"19c875a\" data-element_type=\"section\" data-e-type=\"section\">\n\t\t\t\t\t\t<div class=\"elementor-container elementor-column-gap-default\">\n\t\t\t\t\t<div class=\"elementor-column elementor-col-50 elementor-inner-column elementor-element elementor-element-ef268ee\" data-id=\"ef268ee\" data-element_type=\"column\" data-e-type=\"column\">\n\t\t\t<div class=\"elementor-widget-wrap elementor-element-populated\">\n\t\t\t\t\t\t<div class=\"elementor-element elementor-element-9c4e709 elementor-widget elementor-widget-text-editor\" data-id=\"9c4e709\" data-element_type=\"widget\" data-e-type=\"widget\" data-widget_type=\"text-editor.default\">\n\t\t\t\t<div class=\"elementor-widget-container\">\n\t\t\t\t\t\t\t\t\t<h3 style=\"text-align: left;\">Int\u00e9rieur<\/h3><ul><li style=\"text-align: left;\">Grand salon avec une chemin\u00e9e centrale et avec grand piano<\/li><li style=\"text-align: left;\">Sauna &amp; gym<\/li><li style=\"text-align: left;\">Salle \u00e0 manger<\/li><li style=\"text-align: left;\">Bureau \u00e9quip\u00e9 (ordinateur, scanner, imprimante, fax)<\/li><li style=\"text-align: left;\">Cuisine semi-professionnelle enti\u00e8rement \u00e9quip\u00e9e<\/li><li style=\"text-align: left;\">Salle de cin\u00e9ma et jeux avec chemin\u00e9e<\/li><li style=\"text-align: left;\">Buanderie<\/li><li style=\"text-align: left;\">WIFI dans tout le chalet<\/li><\/ul>\t\t\t\t\t\t\t\t<\/div>\n\t\t\t\t<\/div>\n\t\t\t\t<div class=\"elementor-element elementor-element-40658dd elementor-widget elementor-widget-text-editor\" data-id=\"40658dd\" data-element_type=\"widget\" data-e-type=\"widget\" data-widget_type=\"text-editor.default\">\n\t\t\t\t<div class=\"elementor-widget-container\">\n\t\t\t\t\t\t\t\t\t<h3 style=\"text-align: left;\">Ext\u00e9rieur<\/h3><ul><li style=\"text-align: left;\">Plusieurs balcons donnant sur le sud, dont le plus grand est chauff\u00e9<\/li><li style=\"text-align: left;\">Chambre de ski avec chauffage pour les chaussures de ski<\/li><li style=\"text-align: left;\">Ping-pong &amp; Babyfoot<\/li><li style=\"text-align: left;\">BBQ<\/li><li style=\"text-align: left;\">Grand jardin priv\u00e9 avec chaises longues<\/li><li style=\"text-align: left;\">Jacuzzi<\/li><\/ul>\t\t\t\t\t\t\t\t<\/div>\n\t\t\t\t<\/div>\n\t\t\t\t<div class=\"elementor-element elementor-element-ddff259 elementor-widget elementor-widget-text-editor\" data-id=\"ddff259\" data-element_type=\"widget\" data-e-type=\"widget\" data-widget_type=\"text-editor.default\">\n\t\t\t\t<div class=\"elementor-widget-container\">\n\t\t\t\t\t\t\t\t\t<p>Des questions? N'h\u00e9sitez pas \u00e0 <a href=\"https:\/\/domainedelabaronne.com\/fr\/contact\/\">nous contacter<\/a>.<\/p>\t\t\t\t\t\t\t\t<\/div>\n\t\t\t\t<\/div>\n\t\t\t\t\t<\/div>\n\t\t<\/div>\n\t\t\t\t<div class=\"elementor-column elementor-col-50 elementor-inner-column elementor-element elementor-element-226ef97\" data-id=\"226ef97\" data-element_type=\"column\" data-e-type=\"column\">\n\t\t\t<div class=\"elementor-widget-wrap elementor-element-populated\">\n\t\t\t\t\t\t<div class=\"elementor-element elementor-element-7071147 elementor-widget elementor-widget-image\" data-id=\"7071147\" data-element_type=\"widget\" data-e-type=\"widget\" data-widget_type=\"image.default\">\n\t\t\t\t<div class=\"elementor-widget-container\">\n\t\t\t\t\t\t\t\t\t\t\t\t\t\t\t<img loading=\"lazy\" decoding=\"async\" width=\"600\" height=\"409\" src=\"https:\/\/domainedelabaronne.com\/wp-content\/uploads\/2020\/05\/entry-snow.jpg\" class=\"attachment-large size-large wp-image-667\" alt=\"\" srcset=\"https:\/\/domainedelabaronne.com\/wp-content\/uploads\/2020\/05\/entry-snow.jpg 600w, https:\/\/domainedelabaronne.com\/wp-content\/uploads\/2020\/05\/entry-snow-300x205.jpg 300w\" sizes=\"(max-width: 600px) 100vw, 600px\" \/>\t\t\t\t\t\t\t\t\t\t\t\t\t\t\t<\/div>\n\t\t\t\t<\/div>\n\t\t\t\t<div class=\"elementor-element elementor-element-da93152 elementor-widget elementor-widget-wp-widget-nav_menu\" data-id=\"da93152\" data-element_type=\"widget\" data-e-type=\"widget\" data-widget_type=\"wp-widget-nav_menu.default\">\n\t\t\t\t<div class=\"elementor-widget-container\">\n\t\t\t\t\t<h5>Le chalet<\/h5><div class=\"menu-pagina-menu-the-chalet-container\"><ul id=\"menu-pagina-menu-the-chalet\" class=\"menu\"><li id=\"menu-item-648\" class=\"menu-item menu-item-type-post_type menu-item-object-page menu-item-648\"><a href=\"https:\/\/domainedelabaronne.com\/fr\/the-chalet\/\">Le chalet<\/a><\/li>\n<li id=\"menu-item-649\" class=\"menu-item menu-item-type-post_type menu-item-object-page menu-item-649\"><a href=\"https:\/\/domainedelabaronne.com\/fr\/the-chalet\/sleeping\/\">Chambres \u00e0 coucher<\/a><\/li>\n<li id=\"menu-item-662\" class=\"menu-item menu-item-type-post_type menu-item-object-page menu-item-662\"><a href=\"https:\/\/domainedelabaronne.com\/fr\/the-chalet\/living\/\">Living<\/a><\/li>\n<li id=\"menu-item-694\" class=\"menu-item menu-item-type-post_type menu-item-object-page menu-item-694\"><a href=\"https:\/\/domainedelabaronne.com\/fr\/the-chalet\/spa-staff\/\">Spa &amp; personnel<\/a><\/li>\n<li id=\"menu-item-693\" class=\"menu-item menu-item-type-post_type menu-item-object-page menu-item-693\"><a href=\"https:\/\/domainedelabaronne.com\/fr\/the-chalet\/location\/\">Localisation<\/a><\/li>\n<\/ul><\/div>\t\t\t\t<\/div>\n\t\t\t\t<\/div>\n\t\t\t\t\t<\/div>\n\t\t<\/div>\n\t\t\t\t\t<\/div>\n\t\t<\/section>\n\t\t\t\t\t<\/div>\n\t\t<\/div>\n\t\t\t\t\t<\/div>\n\t\t<\/section>\n\t\t\t\t<\/div>","protected":false},"excerpt":{"rendered":"<p>The Chalet &#8211; Living Indoor Large living room with a central fireplace and grand piano Sauna &amp; gym Dining room Fully equipped study room (computer, scanner, printer, fax) Semi-professional fully equipped kitchen Large cinema room with fireplace Laundryroom WIFI throughout the chalet Outdoor South faced balconies; the largest is heated Skibootroom with bootwarmers Tabletennis &amp;&hellip;&nbsp;<a href=\"https:\/\/domainedelabaronne.com\/fr\/the-chalet\/living\/\" class=\"\" rel=\"bookmark\">Lire la suite &raquo;<span class=\"screen-reader-text\">Living<\/span><\/a><\/p>","protected":false},"author":1,"featured_media":0,"parent":610,"menu_order":0,"comment_status":"closed","ping_status":"closed","template":"elementor_header_footer","meta":{"footnotes":""},"class_list":["post-655","page","type-page","status-publish","hentry"],"yoast_head":"<!-- This site is optimized with the Yoast SEO plugin v27.4 - https:\/\/yoast.com\/product\/yoast-seo-wordpress\/ -->\n<title>Living - Domaine de la Baronne<\/title>\n<meta name=\"robots\" content=\"index, follow, max-snippet:-1, max-image-preview:large, max-video-preview:-1\" \/>\n<link rel=\"canonical\" href=\"https:\/\/domainedelabaronne.com\/fr\/the-chalet\/living\/\" \/>\n<meta property=\"og:locale\" content=\"fr_FR\" \/>\n<meta property=\"og:type\" content=\"article\" \/>\n<meta property=\"og:title\" content=\"Living - Domaine de la Baronne\" \/>\n<meta property=\"og:description\" content=\"The Chalet &#8211; Living Indoor Large living room with a central fireplace and grand piano Sauna &amp; gym Dining room Fully equipped study room (computer, scanner, printer, fax) Semi-professional fully equipped kitchen Large cinema room with fireplace Laundryroom WIFI throughout the chalet Outdoor South faced balconies; the largest is heated Skibootroom with bootwarmers Tabletennis &amp;&hellip;&nbsp;Lire la suite &raquo;Living\" \/>\n<meta property=\"og:url\" content=\"https:\/\/domainedelabaronne.com\/fr\/the-chalet\/living\/\" \/>\n<meta property=\"og:site_name\" content=\"Domaine de la Baronne\" \/>\n<meta property=\"article:modified_time\" content=\"2020-05-29T06:55:30+00:00\" \/>\n<meta property=\"og:image\" content=\"https:\/\/domainedelabaronne.com\/wp-content\/uploads\/2020\/05\/entry-snow.jpg\" \/>\n<meta name=\"twitter:card\" content=\"summary_large_image\" \/>\n<script type=\"application\/ld+json\" class=\"yoast-schema-graph\">{\"@context\":\"https:\\\/\\\/schema.org\",\"@graph\":[{\"@type\":\"WebPage\",\"@id\":\"https:\\\/\\\/domainedelabaronne.com\\\/the-chalet\\\/living\\\/\",\"url\":\"https:\\\/\\\/domainedelabaronne.com\\\/the-chalet\\\/living\\\/\",\"name\":\"Living - Domaine de la Baronne\",\"isPartOf\":{\"@id\":\"https:\\\/\\\/domainedelabaronne.com\\\/fr\\\/#website\"},\"primaryImageOfPage\":{\"@id\":\"https:\\\/\\\/domainedelabaronne.com\\\/the-chalet\\\/living\\\/#primaryimage\"},\"image\":{\"@id\":\"https:\\\/\\\/domainedelabaronne.com\\\/the-chalet\\\/living\\\/#primaryimage\"},\"thumbnailUrl\":\"https:\\\/\\\/domainedelabaronne.com\\\/wp-content\\\/uploads\\\/2020\\\/05\\\/entry-snow.jpg\",\"datePublished\":\"2020-05-15T09:54:29+00:00\",\"dateModified\":\"2020-05-29T06:55:30+00:00\",\"breadcrumb\":{\"@id\":\"https:\\\/\\\/domainedelabaronne.com\\\/the-chalet\\\/living\\\/#breadcrumb\"},\"inLanguage\":\"fr-FR\",\"potentialAction\":[{\"@type\":\"ReadAction\",\"target\":[\"https:\\\/\\\/domainedelabaronne.com\\\/the-chalet\\\/living\\\/\"]}]},{\"@type\":\"ImageObject\",\"inLanguage\":\"fr-FR\",\"@id\":\"https:\\\/\\\/domainedelabaronne.com\\\/the-chalet\\\/living\\\/#primaryimage\",\"url\":\"https:\\\/\\\/domainedelabaronne.com\\\/wp-content\\\/uploads\\\/2020\\\/05\\\/entry-snow.jpg\",\"contentUrl\":\"https:\\\/\\\/domainedelabaronne.com\\\/wp-content\\\/uploads\\\/2020\\\/05\\\/entry-snow.jpg\"},{\"@type\":\"BreadcrumbList\",\"@id\":\"https:\\\/\\\/domainedelabaronne.com\\\/the-chalet\\\/living\\\/#breadcrumb\",\"itemListElement\":[{\"@type\":\"ListItem\",\"position\":1,\"name\":\"Home\",\"item\":\"https:\\\/\\\/domainedelabaronne.com\\\/fr\\\/\"},{\"@type\":\"ListItem\",\"position\":2,\"name\":\"The Chalet\",\"item\":\"https:\\\/\\\/domainedelabaronne.com\\\/the-chalet\\\/\"},{\"@type\":\"ListItem\",\"position\":3,\"name\":\"Living\"}]},{\"@type\":\"WebSite\",\"@id\":\"https:\\\/\\\/domainedelabaronne.com\\\/fr\\\/#website\",\"url\":\"https:\\\/\\\/domainedelabaronne.com\\\/fr\\\/\",\"name\":\"Domaine de la Baronne\",\"description\":\"Luxury alpine chalet in Swiss. Jacuzzi, sauna and fitness\",\"publisher\":{\"@id\":\"https:\\\/\\\/domainedelabaronne.com\\\/fr\\\/#organization\"},\"potentialAction\":[{\"@type\":\"SearchAction\",\"target\":{\"@type\":\"EntryPoint\",\"urlTemplate\":\"https:\\\/\\\/domainedelabaronne.com\\\/fr\\\/?s={search_term_string}\"},\"query-input\":{\"@type\":\"PropertyValueSpecification\",\"valueRequired\":true,\"valueName\":\"search_term_string\"}}],\"inLanguage\":\"fr-FR\"},{\"@type\":\"Organization\",\"@id\":\"https:\\\/\\\/domainedelabaronne.com\\\/fr\\\/#organization\",\"name\":\"Domaine de la Baronne\",\"url\":\"https:\\\/\\\/domainedelabaronne.com\\\/fr\\\/\",\"logo\":{\"@type\":\"ImageObject\",\"inLanguage\":\"fr-FR\",\"@id\":\"https:\\\/\\\/domainedelabaronne.com\\\/fr\\\/#\\\/schema\\\/logo\\\/image\\\/\",\"url\":\"https:\\\/\\\/domainedelabaronne.com\\\/wp-content\\\/uploads\\\/2020\\\/05\\\/Logo-ddlb-2013-grijs.png\",\"contentUrl\":\"https:\\\/\\\/domainedelabaronne.com\\\/wp-content\\\/uploads\\\/2020\\\/05\\\/Logo-ddlb-2013-grijs.png\",\"width\":421,\"height\":133,\"caption\":\"Domaine de la Baronne\"},\"image\":{\"@id\":\"https:\\\/\\\/domainedelabaronne.com\\\/fr\\\/#\\\/schema\\\/logo\\\/image\\\/\"}}]}<\/script>\n<!-- \/ Yoast SEO plugin. -->","yoast_head_json":{"title":"Living - Domaine de la Baronne","robots":{"index":"index","follow":"follow","max-snippet":"max-snippet:-1","max-image-preview":"max-image-preview:large","max-video-preview":"max-video-preview:-1"},"canonical":"https:\/\/domainedelabaronne.com\/fr\/the-chalet\/living\/","og_locale":"fr_FR","og_type":"article","og_title":"Living - Domaine de la Baronne","og_description":"The Chalet &#8211; Living Indoor Large living room with a central fireplace and grand piano Sauna &amp; gym Dining room Fully equipped study room (computer, scanner, printer, fax) Semi-professional fully equipped kitchen Large cinema room with fireplace Laundryroom WIFI throughout the chalet Outdoor South faced balconies; the largest is heated Skibootroom with bootwarmers Tabletennis &amp;&hellip;&nbsp;Lire la suite &raquo;Living","og_url":"https:\/\/domainedelabaronne.com\/fr\/the-chalet\/living\/","og_site_name":"Domaine de la Baronne","article_modified_time":"2020-05-29T06:55:30+00:00","og_image":[{"url":"https:\/\/domainedelabaronne.com\/wp-content\/uploads\/2020\/05\/entry-snow.jpg","type":"","width":"","height":""}],"twitter_card":"summary_large_image","schema":{"@context":"https:\/\/schema.org","@graph":[{"@type":"WebPage","@id":"https:\/\/domainedelabaronne.com\/the-chalet\/living\/","url":"https:\/\/domainedelabaronne.com\/the-chalet\/living\/","name":"Living - Domaine de la Baronne","isPartOf":{"@id":"https:\/\/domainedelabaronne.com\/fr\/#website"},"primaryImageOfPage":{"@id":"https:\/\/domainedelabaronne.com\/the-chalet\/living\/#primaryimage"},"image":{"@id":"https:\/\/domainedelabaronne.com\/the-chalet\/living\/#primaryimage"},"thumbnailUrl":"https:\/\/domainedelabaronne.com\/wp-content\/uploads\/2020\/05\/entry-snow.jpg","datePublished":"2020-05-15T09:54:29+00:00","dateModified":"2020-05-29T06:55:30+00:00","breadcrumb":{"@id":"https:\/\/domainedelabaronne.com\/the-chalet\/living\/#breadcrumb"},"inLanguage":"fr-FR","potentialAction":[{"@type":"ReadAction","target":["https:\/\/domainedelabaronne.com\/the-chalet\/living\/"]}]},{"@type":"ImageObject","inLanguage":"fr-FR","@id":"https:\/\/domainedelabaronne.com\/the-chalet\/living\/#primaryimage","url":"https:\/\/domainedelabaronne.com\/wp-content\/uploads\/2020\/05\/entry-snow.jpg","contentUrl":"https:\/\/domainedelabaronne.com\/wp-content\/uploads\/2020\/05\/entry-snow.jpg"},{"@type":"BreadcrumbList","@id":"https:\/\/domainedelabaronne.com\/the-chalet\/living\/#breadcrumb","itemListElement":[{"@type":"ListItem","position":1,"name":"Home","item":"https:\/\/domainedelabaronne.com\/fr\/"},{"@type":"ListItem","position":2,"name":"The Chalet","item":"https:\/\/domainedelabaronne.com\/the-chalet\/"},{"@type":"ListItem","position":3,"name":"Living"}]},{"@type":"WebSite","@id":"https:\/\/domainedelabaronne.com\/fr\/#website","url":"https:\/\/domainedelabaronne.com\/fr\/","name":"Domaine de la Baronne","description":"Luxury alpine chalet in Swiss. Jacuzzi, sauna and fitness","publisher":{"@id":"https:\/\/domainedelabaronne.com\/fr\/#organization"},"potentialAction":[{"@type":"SearchAction","target":{"@type":"EntryPoint","urlTemplate":"https:\/\/domainedelabaronne.com\/fr\/?s={search_term_string}"},"query-input":{"@type":"PropertyValueSpecification","valueRequired":true,"valueName":"search_term_string"}}],"inLanguage":"fr-FR"},{"@type":"Organization","@id":"https:\/\/domainedelabaronne.com\/fr\/#organization","name":"Domaine de la Baronne","url":"https:\/\/domainedelabaronne.com\/fr\/","logo":{"@type":"ImageObject","inLanguage":"fr-FR","@id":"https:\/\/domainedelabaronne.com\/fr\/#\/schema\/logo\/image\/","url":"https:\/\/domainedelabaronne.com\/wp-content\/uploads\/2020\/05\/Logo-ddlb-2013-grijs.png","contentUrl":"https:\/\/domainedelabaronne.com\/wp-content\/uploads\/2020\/05\/Logo-ddlb-2013-grijs.png","width":421,"height":133,"caption":"Domaine de la Baronne"},"image":{"@id":"https:\/\/domainedelabaronne.com\/fr\/#\/schema\/logo\/image\/"}}]}},"jetpack_sharing_enabled":true,"_links":{"self":[{"href":"https:\/\/domainedelabaronne.com\/fr\/wp-json\/wp\/v2\/pages\/655","targetHints":{"allow":["GET"]}}],"collection":[{"href":"https:\/\/domainedelabaronne.com\/fr\/wp-json\/wp\/v2\/pages"}],"about":[{"href":"https:\/\/domainedelabaronne.com\/fr\/wp-json\/wp\/v2\/types\/page"}],"author":[{"embeddable":true,"href":"https:\/\/domainedelabaronne.com\/fr\/wp-json\/wp\/v2\/users\/1"}],"replies":[{"embeddable":true,"href":"https:\/\/domainedelabaronne.com\/fr\/wp-json\/wp\/v2\/comments?post=655"}],"version-history":[{"count":23,"href":"https:\/\/domainedelabaronne.com\/fr\/wp-json\/wp\/v2\/pages\/655\/revisions"}],"predecessor-version":[{"id":1915,"href":"https:\/\/domainedelabaronne.com\/fr\/wp-json\/wp\/v2\/pages\/655\/revisions\/1915"}],"up":[{"embeddable":true,"href":"https:\/\/domainedelabaronne.com\/fr\/wp-json\/wp\/v2\/pages\/610"}],"wp:attachment":[{"href":"https:\/\/domainedelabaronne.com\/fr\/wp-json\/wp\/v2\/media?parent=655"}],"curies":[{"name":"wp","href":"https:\/\/api.w.org\/{rel}","templated":true}]}}