{"id":699,"date":"2020-05-15T10:44:25","date_gmt":"2020-05-15T10:44:25","guid":{"rendered":"https:\/\/domainedelabaronne.com\/?page_id=699"},"modified":"2020-05-26T08:29:33","modified_gmt":"2020-05-26T08:29:33","slug":"crans-montana","status":"publish","type":"page","link":"https:\/\/domainedelabaronne.com\/fr\/crans-montana\/","title":{"rendered":"Crans-Montana"},"content":{"rendered":"<div data-elementor-type=\"wp-post\" data-elementor-id=\"699\" class=\"elementor elementor-699\">\n\t\t\t\t\t\t<section class=\"elementor-section elementor-top-section elementor-element elementor-element-517ad8e elementor-section-full_width elementor-section-height-default elementor-section-height-default\" data-id=\"517ad8e\" data-element_type=\"section\" data-e-type=\"section\" data-settings=\"{&quot;background_background&quot;:&quot;classic&quot;}\">\n\t\t\t\t\t\t\t<div class=\"elementor-background-overlay\"><\/div>\n\t\t\t\t\t\t\t<div class=\"elementor-container elementor-column-gap-no\">\n\t\t\t\t\t<div class=\"elementor-column elementor-col-100 elementor-top-column elementor-element elementor-element-2e942df\" data-id=\"2e942df\" data-element_type=\"column\" data-e-type=\"column\">\n\t\t\t<div class=\"elementor-widget-wrap elementor-element-populated\">\n\t\t\t\t\t\t<div class=\"elementor-element elementor-element-dc06d98 elementor-widget elementor-widget-shortcode\" data-id=\"dc06d98\" data-element_type=\"widget\" data-e-type=\"widget\" data-widget_type=\"shortcode.default\">\n\t\t\t\t<div class=\"elementor-widget-container\">\n\t\t\t\t\t\t\t<div class=\"elementor-shortcode\"><div id=\"metaslider-id-1512\" style=\"width: 100%;\" class=\"ml-slider-3-107-0 metaslider metaslider-flex metaslider-1512 ml-slider ms-theme-default nav-hidden\" role=\"region\" aria-label=\"Crans-Montana - CM pagina\" data-height=\"1280\" data-width=\"1920\">\n    <div id=\"metaslider_container_1512\">\n        <div id=\"metaslider_1512\">\n            <ul class='slides'>\n                <li style=\"display: block; width: 100%;\" class=\"slide-1515 ms-image\" aria-roledescription=\"slide\" data-date=\"2020-05-25 12:17:39\" data-filename=\"Crans-Montana-trail.jpg\" data-slide-type=\"image\"><img fetchpriority=\"high\" decoding=\"async\" src=\"https:\/\/domainedelabaronne.com\/wp-content\/uploads\/2020\/05\/Crans-Montana-trail.jpg\" height=\"1280\" width=\"1920\" alt=\"\" class=\"slider-1512 slide-1515 msDefaultImage\" title=\"Crans-Montana-trail\" \/><\/li>\n                <li style=\"display: none; width: 100%;\" class=\"slide-1516 ms-image\" aria-roledescription=\"slide\" data-date=\"2020-05-25 12:17:39\" data-filename=\"Crans-Montana-snow-hiking-02.jpg\" data-slide-type=\"image\"><img decoding=\"async\" src=\"https:\/\/domainedelabaronne.com\/wp-content\/uploads\/2020\/05\/Crans-Montana-snow-hiking-02.jpg\" height=\"1280\" width=\"1920\" alt=\"\" class=\"slider-1512 slide-1516 msDefaultImage\" title=\"Crans-Montana-snow-hiking-02\" \/><\/li>\n                <li style=\"display: none; width: 100%;\" class=\"slide-1521 ms-image\" aria-roledescription=\"slide\" data-date=\"2020-05-25 12:17:39\" data-filename=\"Crans-Montana-slopes.jpg\" data-slide-type=\"image\"><img decoding=\"async\" src=\"https:\/\/domainedelabaronne.com\/wp-content\/uploads\/2020\/05\/Crans-Montana-slopes.jpg\" height=\"1280\" width=\"1920\" alt=\"\" class=\"slider-1512 slide-1521 msDefaultImage\" title=\"Crans-Montana-slopes\" \/><\/li>\n                <li style=\"display: none; width: 100%;\" class=\"slide-1532 ms-image\" aria-roledescription=\"slide\" data-date=\"2020-05-25 12:17:40\" data-filename=\"Crans-Montana-club.jpg\" data-slide-type=\"image\"><img loading=\"lazy\" decoding=\"async\" src=\"https:\/\/domainedelabaronne.com\/wp-content\/uploads\/2020\/05\/Crans-Montana-club.jpg\" height=\"1280\" width=\"1920\" alt=\"\" class=\"slider-1512 slide-1532 msDefaultImage\" title=\"Crans-Montana-club\" \/><\/li>\n                <li style=\"display: none; width: 100%;\" class=\"slide-1535 ms-image\" aria-roledescription=\"slide\" data-date=\"2020-05-25 12:17:40\" data-filename=\"Crans-Montana-paragliding-02-1.jpg\" data-slide-type=\"image\"><img loading=\"lazy\" decoding=\"async\" src=\"https:\/\/domainedelabaronne.com\/wp-content\/uploads\/2020\/05\/Crans-Montana-paragliding-02-1.jpg\" height=\"1280\" width=\"1920\" alt=\"\" class=\"slider-1512 slide-1535 msDefaultImage\" title=\"Crans-Montana-paragliding-02\" \/><\/li>\n                <li style=\"display: none; width: 100%;\" class=\"slide-1537 ms-image\" aria-roledescription=\"slide\" data-date=\"2020-05-25 12:17:40\" data-filename=\"Crans-Montana-mountains-1.jpg\" data-slide-type=\"image\"><img loading=\"lazy\" decoding=\"async\" src=\"https:\/\/domainedelabaronne.com\/wp-content\/uploads\/2020\/05\/Crans-Montana-mountains-1.jpg\" height=\"1280\" width=\"1920\" alt=\"\" class=\"slider-1512 slide-1537 msDefaultImage\" title=\"Crans-Montana-mountains\" \/><\/li>\n                <li style=\"display: none; width: 100%;\" class=\"slide-1540 ms-image\" aria-roledescription=\"slide\" data-date=\"2020-05-25 12:17:40\" data-filename=\"Crans-Montana-mountain-biking-01-1.jpg\" data-slide-type=\"image\"><img loading=\"lazy\" decoding=\"async\" src=\"https:\/\/domainedelabaronne.com\/wp-content\/uploads\/2020\/05\/Crans-Montana-mountain-biking-01-1.jpg\" height=\"1280\" width=\"1920\" alt=\"\" class=\"slider-1512 slide-1540 msDefaultImage\" title=\"Crans-Montana-mountain-biking-01\" \/><\/li>\n                <li style=\"display: none; width: 100%;\" class=\"slide-1542 ms-image\" aria-roledescription=\"slide\" data-date=\"2020-05-25 12:17:40\" data-filename=\"Crans-Montana-hot-air-balloon-1.jpg\" data-slide-type=\"image\"><img loading=\"lazy\" decoding=\"async\" src=\"https:\/\/domainedelabaronne.com\/wp-content\/uploads\/2020\/05\/Crans-Montana-hot-air-balloon-1.jpg\" height=\"1280\" width=\"1920\" alt=\"\" class=\"slider-1512 slide-1542 msDefaultImage\" title=\"Crans-Montana-hot-air-balloon\" \/><\/li>\n                <li style=\"display: none; width: 100%;\" class=\"slide-1544 ms-image\" aria-roledescription=\"slide\" data-date=\"2020-05-25 12:17:40\" data-filename=\"Crans-Montana-Golf-02-1.jpg\" data-slide-type=\"image\"><img loading=\"lazy\" decoding=\"async\" src=\"https:\/\/domainedelabaronne.com\/wp-content\/uploads\/2020\/05\/Crans-Montana-Golf-02-1.jpg\" height=\"1280\" width=\"1920\" alt=\"\" class=\"slider-1512 slide-1544 msDefaultImage\" title=\"Crans-Montana-Golf-02\" \/><\/li>\n                <li style=\"display: none; width: 100%;\" class=\"slide-1546 ms-image\" aria-roledescription=\"slide\" data-date=\"2020-05-25 12:17:40\" data-filename=\"Crans-Montana-cows-1.jpg\" data-slide-type=\"image\"><img loading=\"lazy\" decoding=\"async\" src=\"https:\/\/domainedelabaronne.com\/wp-content\/uploads\/2020\/05\/Crans-Montana-cows-1.jpg\" height=\"1280\" width=\"1920\" alt=\"\" class=\"slider-1512 slide-1546 msDefaultImage\" title=\"Crans-Montana-cows\" \/><\/li>\n            <\/ul>\n        <\/div>\n        \n    <\/div>\n<\/div><\/div>\n\t\t\t\t\t\t<\/div>\n\t\t\t\t<\/div>\n\t\t\t\t\t<\/div>\n\t\t<\/div>\n\t\t\t\t\t<\/div>\n\t\t<\/section>\n\t\t\t\t<section class=\"elementor-section elementor-top-section elementor-element elementor-element-112353a elementor-section-content-top elementor-section-full_width elementor-section-height-default elementor-section-height-default\" data-id=\"112353a\" data-element_type=\"section\" data-e-type=\"section\" data-settings=\"{&quot;background_background&quot;:&quot;classic&quot;}\">\n\t\t\t\t\t\t<div class=\"elementor-container elementor-column-gap-default\">\n\t\t\t\t\t<div class=\"elementor-column elementor-col-100 elementor-top-column elementor-element elementor-element-6882126\" data-id=\"6882126\" data-element_type=\"column\" data-e-type=\"column\" data-settings=\"{&quot;background_background&quot;:&quot;classic&quot;}\">\n\t\t\t<div class=\"elementor-widget-wrap elementor-element-populated\">\n\t\t\t\t\t\t<section class=\"elementor-section elementor-inner-section elementor-element elementor-element-5feea24 elementor-section-content-top elementor-section-full_width elementor-section-height-default elementor-section-height-default\" data-id=\"5feea24\" data-element_type=\"section\" data-e-type=\"section\">\n\t\t\t\t\t\t<div class=\"elementor-container elementor-column-gap-default\">\n\t\t\t\t\t<div class=\"elementor-column elementor-col-100 elementor-inner-column elementor-element elementor-element-5e9e32f\" data-id=\"5e9e32f\" data-element_type=\"column\" data-e-type=\"column\" data-settings=\"{&quot;background_background&quot;:&quot;classic&quot;}\">\n\t\t\t<div class=\"elementor-widget-wrap elementor-element-populated\">\n\t\t\t\t\t\t<div class=\"elementor-element elementor-element-962a4ec elementor-widget elementor-widget-heading\" data-id=\"962a4ec\" data-element_type=\"widget\" data-e-type=\"widget\" data-widget_type=\"heading.default\">\n\t\t\t\t<div class=\"elementor-widget-container\">\n\t\t\t\t\t<h1 class=\"elementor-heading-title elementor-size-xl\">Crans-Montana<\/h1>\t\t\t\t<\/div>\n\t\t\t\t<\/div>\n\t\t\t\t\t<\/div>\n\t\t<\/div>\n\t\t\t\t\t<\/div>\n\t\t<\/section>\n\t\t\t\t<section class=\"elementor-section elementor-inner-section elementor-element elementor-element-19c875a elementor-section-full_width elementor-section-height-default elementor-section-height-default\" data-id=\"19c875a\" data-element_type=\"section\" data-e-type=\"section\">\n\t\t\t\t\t\t<div class=\"elementor-container elementor-column-gap-default\">\n\t\t\t\t\t<div class=\"elementor-column elementor-col-50 elementor-inner-column elementor-element elementor-element-ef268ee\" data-id=\"ef268ee\" data-element_type=\"column\" data-e-type=\"column\">\n\t\t\t<div class=\"elementor-widget-wrap elementor-element-populated\">\n\t\t\t\t\t\t<div class=\"elementor-element elementor-element-9c4e709 elementor-widget elementor-widget-text-editor\" data-id=\"9c4e709\" data-element_type=\"widget\" data-e-type=\"widget\" data-widget_type=\"text-editor.default\">\n\t\t\t\t<div class=\"elementor-widget-container\">\n\t\t\t\t\t\t\t\t\t<p style=\"text-align: left;\">O\u00f9 le soleil bat 300 jours par an et l'air est le plus pur en Suisse, se trouvent les deux stations voisines Crans et Montana. Situ\u00e9s \u00e0 une altitude de 1500 m\u00e8tres, au-dessus de la vall\u00e9e du Rh\u00f4ne ils forment une des plus grandes destinations de vacances dans le Valais.<\/p>\t\t\t\t\t\t\t\t<\/div>\n\t\t\t\t<\/div>\n\t\t\t\t<div class=\"elementor-element elementor-element-ddff259 elementor-widget elementor-widget-text-editor\" data-id=\"ddff259\" data-element_type=\"widget\" data-e-type=\"widget\" data-widget_type=\"text-editor.default\">\n\t\t\t\t<div class=\"elementor-widget-container\">\n\t\t\t\t\t\t\t\t\t<p>Des questions? N'h\u00e9sitez pas \u00e0 <a href=\"https:\/\/domainedelabaronne.com\/fr\/contact\/\">nous contacter<\/a>.<\/p>\t\t\t\t\t\t\t\t<\/div>\n\t\t\t\t<\/div>\n\t\t\t\t\t<\/div>\n\t\t<\/div>\n\t\t\t\t<div class=\"elementor-column elementor-col-50 elementor-inner-column elementor-element elementor-element-226ef97\" data-id=\"226ef97\" data-element_type=\"column\" data-e-type=\"column\">\n\t\t\t<div class=\"elementor-widget-wrap elementor-element-populated\">\n\t\t\t\t\t\t<div class=\"elementor-element elementor-element-7071147 elementor-widget elementor-widget-image\" data-id=\"7071147\" data-element_type=\"widget\" data-e-type=\"widget\" data-widget_type=\"image.default\">\n\t\t\t\t<div class=\"elementor-widget-container\">\n\t\t\t\t\t\t\t\t\t\t\t\t\t\t\t<img loading=\"lazy\" decoding=\"async\" width=\"190\" height=\"172\" src=\"https:\/\/domainedelabaronne.com\/wp-content\/uploads\/2020\/05\/logo-crans-montana.jpg\" class=\"attachment-large size-large wp-image-704\" alt=\"\" \/>\t\t\t\t\t\t\t\t\t\t\t\t\t\t\t<\/div>\n\t\t\t\t<\/div>\n\t\t\t\t<div class=\"elementor-element elementor-element-703313e elementor-widget elementor-widget-image\" data-id=\"703313e\" data-element_type=\"widget\" data-e-type=\"widget\" data-widget_type=\"image.default\">\n\t\t\t\t<div class=\"elementor-widget-container\">\n\t\t\t\t\t\t\t\t\t\t\t\t\t\t\t<img loading=\"lazy\" decoding=\"async\" width=\"190\" height=\"172\" src=\"https:\/\/domainedelabaronne.com\/wp-content\/uploads\/2020\/05\/logo-valais.jpg\" class=\"attachment-large size-large wp-image-705\" alt=\"\" \/>\t\t\t\t\t\t\t\t\t\t\t\t\t\t\t<\/div>\n\t\t\t\t<\/div>\n\t\t\t\t<div class=\"elementor-element elementor-element-f09a17b elementor-widget elementor-widget-wp-widget-nav_menu\" data-id=\"f09a17b\" data-element_type=\"widget\" data-e-type=\"widget\" data-widget_type=\"wp-widget-nav_menu.default\">\n\t\t\t\t<div class=\"elementor-widget-container\">\n\t\t\t\t\t<h5>Crans-Montana<\/h5><div class=\"menu-pagina-menu-crans-montana-container\"><ul id=\"menu-pagina-menu-crans-montana\" class=\"menu\"><li id=\"menu-item-755\" class=\"menu-item menu-item-type-post_type menu-item-object-page menu-item-755\"><a href=\"https:\/\/domainedelabaronne.com\/fr\/crans-montana\/\">Crans-Montana<\/a><\/li>\n<li id=\"menu-item-757\" class=\"menu-item menu-item-type-post_type menu-item-object-page menu-item-757\"><a href=\"https:\/\/domainedelabaronne.com\/fr\/crans-montana\/winter-sports\/\">Sports d'hiver<\/a><\/li>\n<li id=\"menu-item-756\" class=\"menu-item menu-item-type-post_type menu-item-object-page menu-item-756\"><a href=\"https:\/\/domainedelabaronne.com\/fr\/crans-montana\/summer-sports\/\">Sports d'\u00e9t\u00e9<\/a><\/li>\n<li id=\"menu-item-782\" class=\"menu-item menu-item-type-post_type menu-item-object-page menu-item-782\"><a href=\"https:\/\/domainedelabaronne.com\/fr\/crans-montana\/restaurants\/\">Restaurants<\/a><\/li>\n<li id=\"menu-item-780\" class=\"menu-item menu-item-type-post_type menu-item-object-page menu-item-780\"><a href=\"https:\/\/domainedelabaronne.com\/fr\/crans-montana\/shopping\/\">Shopping<\/a><\/li>\n<li id=\"menu-item-781\" class=\"menu-item menu-item-type-post_type menu-item-object-page menu-item-781\"><a href=\"https:\/\/domainedelabaronne.com\/fr\/crans-montana\/nightlife\/\">Nightlife<\/a><\/li>\n<li id=\"menu-item-779\" class=\"menu-item menu-item-type-post_type menu-item-object-page menu-item-779\"><a href=\"https:\/\/domainedelabaronne.com\/fr\/crans-montana\/art-culture\/\">Art &#038; Culture<\/a><\/li>\n<\/ul><\/div>\t\t\t\t<\/div>\n\t\t\t\t<\/div>\n\t\t\t\t\t<\/div>\n\t\t<\/div>\n\t\t\t\t\t<\/div>\n\t\t<\/section>\n\t\t\t\t\t<\/div>\n\t\t<\/div>\n\t\t\t\t\t<\/div>\n\t\t<\/section>\n\t\t\t\t<\/div>","protected":false},"excerpt":{"rendered":"<p>Crans-Montana Where the sun beats down 300 days a year and the air is the purest in Switzerland, lay the two neighbouring resorts Crans and Montana. Situated at an altitude of 1500 m high above the Rhone Valley they form one of the biggest holiday destinations in the Valais. Questions? Feel free to contact us.<\/p>","protected":false},"author":1,"featured_media":0,"parent":0,"menu_order":0,"comment_status":"closed","ping_status":"closed","template":"elementor_header_footer","meta":{"footnotes":""},"class_list":["post-699","page","type-page","status-publish","hentry"],"yoast_head":"<!-- This site is optimized with the Yoast SEO plugin v27.4 - https:\/\/yoast.com\/product\/yoast-seo-wordpress\/ -->\n<title>Crans-Montana - Domaine de la Baronne<\/title>\n<meta name=\"robots\" content=\"index, follow, max-snippet:-1, max-image-preview:large, max-video-preview:-1\" \/>\n<link rel=\"canonical\" href=\"https:\/\/domainedelabaronne.com\/fr\/crans-montana\/\" \/>\n<meta property=\"og:locale\" content=\"fr_FR\" \/>\n<meta property=\"og:type\" content=\"article\" \/>\n<meta property=\"og:title\" content=\"Crans-Montana - Domaine de la Baronne\" \/>\n<meta property=\"og:description\" content=\"Crans-Montana Where the sun beats down 300 days a year and the air is the purest in Switzerland, lay the two neighbouring resorts Crans and Montana. Situated at an altitude of 1500 m high above the Rhone Valley they form one of the biggest holiday destinations in the Valais. Questions? Feel free to contact us.\" \/>\n<meta property=\"og:url\" content=\"https:\/\/domainedelabaronne.com\/fr\/crans-montana\/\" \/>\n<meta property=\"og:site_name\" content=\"Domaine de la Baronne\" \/>\n<meta property=\"article:modified_time\" content=\"2020-05-26T08:29:33+00:00\" \/>\n<meta property=\"og:image\" content=\"https:\/\/domainedelabaronne.com\/wp-content\/uploads\/2020\/05\/logo-crans-montana.jpg\" \/>\n<meta name=\"twitter:card\" content=\"summary_large_image\" \/>\n<script type=\"application\/ld+json\" class=\"yoast-schema-graph\">{\"@context\":\"https:\\\/\\\/schema.org\",\"@graph\":[{\"@type\":\"WebPage\",\"@id\":\"https:\\\/\\\/domainedelabaronne.com\\\/fr\\\/crans-montana\\\/\",\"url\":\"https:\\\/\\\/domainedelabaronne.com\\\/fr\\\/crans-montana\\\/\",\"name\":\"Crans-Montana - Domaine de la Baronne\",\"isPartOf\":{\"@id\":\"https:\\\/\\\/domainedelabaronne.com\\\/fr\\\/#website\"},\"primaryImageOfPage\":{\"@id\":\"https:\\\/\\\/domainedelabaronne.com\\\/fr\\\/crans-montana\\\/#primaryimage\"},\"image\":{\"@id\":\"https:\\\/\\\/domainedelabaronne.com\\\/fr\\\/crans-montana\\\/#primaryimage\"},\"thumbnailUrl\":\"https:\\\/\\\/domainedelabaronne.com\\\/wp-content\\\/uploads\\\/2020\\\/05\\\/logo-crans-montana.jpg\",\"datePublished\":\"2020-05-15T10:44:25+00:00\",\"dateModified\":\"2020-05-26T08:29:33+00:00\",\"breadcrumb\":{\"@id\":\"https:\\\/\\\/domainedelabaronne.com\\\/fr\\\/crans-montana\\\/#breadcrumb\"},\"inLanguage\":\"fr-FR\",\"potentialAction\":[{\"@type\":\"ReadAction\",\"target\":[\"https:\\\/\\\/domainedelabaronne.com\\\/fr\\\/crans-montana\\\/\"]}]},{\"@type\":\"ImageObject\",\"inLanguage\":\"fr-FR\",\"@id\":\"https:\\\/\\\/domainedelabaronne.com\\\/fr\\\/crans-montana\\\/#primaryimage\",\"url\":\"https:\\\/\\\/domainedelabaronne.com\\\/wp-content\\\/uploads\\\/2020\\\/05\\\/logo-crans-montana.jpg\",\"contentUrl\":\"https:\\\/\\\/domainedelabaronne.com\\\/wp-content\\\/uploads\\\/2020\\\/05\\\/logo-crans-montana.jpg\"},{\"@type\":\"BreadcrumbList\",\"@id\":\"https:\\\/\\\/domainedelabaronne.com\\\/fr\\\/crans-montana\\\/#breadcrumb\",\"itemListElement\":[{\"@type\":\"ListItem\",\"position\":1,\"name\":\"Home\",\"item\":\"https:\\\/\\\/domainedelabaronne.com\\\/fr\\\/\"},{\"@type\":\"ListItem\",\"position\":2,\"name\":\"Crans-Montana\"}]},{\"@type\":\"WebSite\",\"@id\":\"https:\\\/\\\/domainedelabaronne.com\\\/fr\\\/#website\",\"url\":\"https:\\\/\\\/domainedelabaronne.com\\\/fr\\\/\",\"name\":\"Domaine de la Baronne\",\"description\":\"Luxury alpine chalet in Swiss. Jacuzzi, sauna and fitness\",\"publisher\":{\"@id\":\"https:\\\/\\\/domainedelabaronne.com\\\/fr\\\/#organization\"},\"potentialAction\":[{\"@type\":\"SearchAction\",\"target\":{\"@type\":\"EntryPoint\",\"urlTemplate\":\"https:\\\/\\\/domainedelabaronne.com\\\/fr\\\/?s={search_term_string}\"},\"query-input\":{\"@type\":\"PropertyValueSpecification\",\"valueRequired\":true,\"valueName\":\"search_term_string\"}}],\"inLanguage\":\"fr-FR\"},{\"@type\":\"Organization\",\"@id\":\"https:\\\/\\\/domainedelabaronne.com\\\/fr\\\/#organization\",\"name\":\"Domaine de la Baronne\",\"url\":\"https:\\\/\\\/domainedelabaronne.com\\\/fr\\\/\",\"logo\":{\"@type\":\"ImageObject\",\"inLanguage\":\"fr-FR\",\"@id\":\"https:\\\/\\\/domainedelabaronne.com\\\/fr\\\/#\\\/schema\\\/logo\\\/image\\\/\",\"url\":\"https:\\\/\\\/domainedelabaronne.com\\\/wp-content\\\/uploads\\\/2020\\\/05\\\/Logo-ddlb-2013-grijs.png\",\"contentUrl\":\"https:\\\/\\\/domainedelabaronne.com\\\/wp-content\\\/uploads\\\/2020\\\/05\\\/Logo-ddlb-2013-grijs.png\",\"width\":421,\"height\":133,\"caption\":\"Domaine de la Baronne\"},\"image\":{\"@id\":\"https:\\\/\\\/domainedelabaronne.com\\\/fr\\\/#\\\/schema\\\/logo\\\/image\\\/\"}}]}<\/script>\n<!-- \/ Yoast SEO plugin. -->","yoast_head_json":{"title":"Crans-Montana - Domaine de la Baronne","robots":{"index":"index","follow":"follow","max-snippet":"max-snippet:-1","max-image-preview":"max-image-preview:large","max-video-preview":"max-video-preview:-1"},"canonical":"https:\/\/domainedelabaronne.com\/fr\/crans-montana\/","og_locale":"fr_FR","og_type":"article","og_title":"Crans-Montana - Domaine de la Baronne","og_description":"Crans-Montana Where the sun beats down 300 days a year and the air is the purest in Switzerland, lay the two neighbouring resorts Crans and Montana. Situated at an altitude of 1500 m high above the Rhone Valley they form one of the biggest holiday destinations in the Valais. Questions? Feel free to contact us.","og_url":"https:\/\/domainedelabaronne.com\/fr\/crans-montana\/","og_site_name":"Domaine de la Baronne","article_modified_time":"2020-05-26T08:29:33+00:00","og_image":[{"url":"https:\/\/domainedelabaronne.com\/wp-content\/uploads\/2020\/05\/logo-crans-montana.jpg","type":"","width":"","height":""}],"twitter_card":"summary_large_image","schema":{"@context":"https:\/\/schema.org","@graph":[{"@type":"WebPage","@id":"https:\/\/domainedelabaronne.com\/fr\/crans-montana\/","url":"https:\/\/domainedelabaronne.com\/fr\/crans-montana\/","name":"Crans-Montana - Domaine de la Baronne","isPartOf":{"@id":"https:\/\/domainedelabaronne.com\/fr\/#website"},"primaryImageOfPage":{"@id":"https:\/\/domainedelabaronne.com\/fr\/crans-montana\/#primaryimage"},"image":{"@id":"https:\/\/domainedelabaronne.com\/fr\/crans-montana\/#primaryimage"},"thumbnailUrl":"https:\/\/domainedelabaronne.com\/wp-content\/uploads\/2020\/05\/logo-crans-montana.jpg","datePublished":"2020-05-15T10:44:25+00:00","dateModified":"2020-05-26T08:29:33+00:00","breadcrumb":{"@id":"https:\/\/domainedelabaronne.com\/fr\/crans-montana\/#breadcrumb"},"inLanguage":"fr-FR","potentialAction":[{"@type":"ReadAction","target":["https:\/\/domainedelabaronne.com\/fr\/crans-montana\/"]}]},{"@type":"ImageObject","inLanguage":"fr-FR","@id":"https:\/\/domainedelabaronne.com\/fr\/crans-montana\/#primaryimage","url":"https:\/\/domainedelabaronne.com\/wp-content\/uploads\/2020\/05\/logo-crans-montana.jpg","contentUrl":"https:\/\/domainedelabaronne.com\/wp-content\/uploads\/2020\/05\/logo-crans-montana.jpg"},{"@type":"BreadcrumbList","@id":"https:\/\/domainedelabaronne.com\/fr\/crans-montana\/#breadcrumb","itemListElement":[{"@type":"ListItem","position":1,"name":"Home","item":"https:\/\/domainedelabaronne.com\/fr\/"},{"@type":"ListItem","position":2,"name":"Crans-Montana"}]},{"@type":"WebSite","@id":"https:\/\/domainedelabaronne.com\/fr\/#website","url":"https:\/\/domainedelabaronne.com\/fr\/","name":"Domaine de la Baronne","description":"Luxury alpine chalet in Swiss. Jacuzzi, sauna and fitness","publisher":{"@id":"https:\/\/domainedelabaronne.com\/fr\/#organization"},"potentialAction":[{"@type":"SearchAction","target":{"@type":"EntryPoint","urlTemplate":"https:\/\/domainedelabaronne.com\/fr\/?s={search_term_string}"},"query-input":{"@type":"PropertyValueSpecification","valueRequired":true,"valueName":"search_term_string"}}],"inLanguage":"fr-FR"},{"@type":"Organization","@id":"https:\/\/domainedelabaronne.com\/fr\/#organization","name":"Domaine de la Baronne","url":"https:\/\/domainedelabaronne.com\/fr\/","logo":{"@type":"ImageObject","inLanguage":"fr-FR","@id":"https:\/\/domainedelabaronne.com\/fr\/#\/schema\/logo\/image\/","url":"https:\/\/domainedelabaronne.com\/wp-content\/uploads\/2020\/05\/Logo-ddlb-2013-grijs.png","contentUrl":"https:\/\/domainedelabaronne.com\/wp-content\/uploads\/2020\/05\/Logo-ddlb-2013-grijs.png","width":421,"height":133,"caption":"Domaine de la Baronne"},"image":{"@id":"https:\/\/domainedelabaronne.com\/fr\/#\/schema\/logo\/image\/"}}]}},"jetpack_sharing_enabled":true,"_links":{"self":[{"href":"https:\/\/domainedelabaronne.com\/fr\/wp-json\/wp\/v2\/pages\/699","targetHints":{"allow":["GET"]}}],"collection":[{"href":"https:\/\/domainedelabaronne.com\/fr\/wp-json\/wp\/v2\/pages"}],"about":[{"href":"https:\/\/domainedelabaronne.com\/fr\/wp-json\/wp\/v2\/types\/page"}],"author":[{"embeddable":true,"href":"https:\/\/domainedelabaronne.com\/fr\/wp-json\/wp\/v2\/users\/1"}],"replies":[{"embeddable":true,"href":"https:\/\/domainedelabaronne.com\/fr\/wp-json\/wp\/v2\/comments?post=699"}],"version-history":[{"count":18,"href":"https:\/\/domainedelabaronne.com\/fr\/wp-json\/wp\/v2\/pages\/699\/revisions"}],"predecessor-version":[{"id":1867,"href":"https:\/\/domainedelabaronne.com\/fr\/wp-json\/wp\/v2\/pages\/699\/revisions\/1867"}],"wp:attachment":[{"href":"https:\/\/domainedelabaronne.com\/fr\/wp-json\/wp\/v2\/media?parent=699"}],"curies":[{"name":"wp","href":"https:\/\/api.w.org\/{rel}","templated":true}]}}