{"id":760,"date":"2020-05-18T07:59:54","date_gmt":"2020-05-18T07:59:54","guid":{"rendered":"https:\/\/domainedelabaronne.com\/?page_id=760"},"modified":"2020-05-29T06:52:04","modified_gmt":"2020-05-29T06:52:04","slug":"nightlife","status":"publish","type":"page","link":"https:\/\/domainedelabaronne.com\/fr\/crans-montana\/nightlife\/","title":{"rendered":"Nightlife"},"content":{"rendered":"<div data-elementor-type=\"wp-post\" data-elementor-id=\"760\" class=\"elementor elementor-760\">\n\t\t\t\t\t\t<section class=\"elementor-section elementor-top-section elementor-element elementor-element-517ad8e elementor-section-full_width elementor-section-height-default elementor-section-height-default\" data-id=\"517ad8e\" data-element_type=\"section\" data-e-type=\"section\" data-settings=\"{&quot;background_background&quot;:&quot;classic&quot;}\">\n\t\t\t\t\t\t\t<div class=\"elementor-background-overlay\"><\/div>\n\t\t\t\t\t\t\t<div class=\"elementor-container elementor-column-gap-no\">\n\t\t\t\t\t<div class=\"elementor-column elementor-col-100 elementor-top-column elementor-element elementor-element-2e942df\" data-id=\"2e942df\" data-element_type=\"column\" data-e-type=\"column\">\n\t\t\t<div class=\"elementor-widget-wrap elementor-element-populated\">\n\t\t\t\t\t\t<div class=\"elementor-element elementor-element-93a9662 elementor-widget elementor-widget-shortcode\" data-id=\"93a9662\" data-element_type=\"widget\" data-e-type=\"widget\" data-widget_type=\"shortcode.default\">\n\t\t\t\t<div class=\"elementor-widget-container\">\n\t\t\t\t\t\t\t<div class=\"elementor-shortcode\"><div id=\"metaslider-id-1795\" style=\"width: 100%;\" class=\"ml-slider-3-107-0 metaslider metaslider-flex metaslider-1795 ml-slider ms-theme-default nav-hidden\" role=\"region\" aria-label=\"Crans-Montana - Nightlife\" data-height=\"1280\" data-width=\"1920\">\n    <div id=\"metaslider_container_1795\">\n        <div id=\"metaslider_1795\">\n            <ul class='slides'>\n                <li style=\"display: block; width: 100%;\" class=\"slide-1806 ms-image\" aria-roledescription=\"slide\" data-date=\"2020-05-25 14:18:58\" data-filename=\"Crans-Montana-nightlife.jpg\" data-slide-type=\"image\"><img fetchpriority=\"high\" decoding=\"async\" src=\"https:\/\/domainedelabaronne.com\/wp-content\/uploads\/2020\/05\/Crans-Montana-nightlife.jpg\" height=\"1280\" width=\"1920\" alt=\"\" class=\"slider-1795 slide-1806 msDefaultImage\" title=\"Crans-Montana-nightlife\" \/><\/li>\n                <li style=\"display: none; width: 100%;\" class=\"slide-1809 ms-image\" aria-roledescription=\"slide\" data-date=\"2020-05-25 14:18:58\" data-filename=\"Crans-Montana-night-view.jpg\" data-slide-type=\"image\"><img decoding=\"async\" src=\"https:\/\/domainedelabaronne.com\/wp-content\/uploads\/2020\/05\/Crans-Montana-night-view.jpg\" height=\"1280\" width=\"1920\" alt=\"\" class=\"slider-1795 slide-1809 msDefaultImage\" title=\"Crans-Montana-night-view\" \/><\/li>\n                <li style=\"display: none; width: 100%;\" class=\"slide-1807 ms-image\" aria-roledescription=\"slide\" data-date=\"2020-05-25 14:18:58\" data-filename=\"Crans-Montana-nightlife-dining.jpg\" data-slide-type=\"image\"><img decoding=\"async\" src=\"https:\/\/domainedelabaronne.com\/wp-content\/uploads\/2020\/05\/Crans-Montana-nightlife-dining.jpg\" height=\"1280\" width=\"1920\" alt=\"\" class=\"slider-1795 slide-1807 msDefaultImage\" title=\"Crans-Montana-nightlife-dining\" \/><\/li>\n                <li style=\"display: none; width: 100%;\" class=\"slide-1808 ms-image\" aria-roledescription=\"slide\" data-date=\"2020-05-25 14:18:58\" data-filename=\"Crans-Montana-club.jpg\" data-slide-type=\"image\"><img loading=\"lazy\" decoding=\"async\" src=\"https:\/\/domainedelabaronne.com\/wp-content\/uploads\/2020\/05\/Crans-Montana-club.jpg\" height=\"1280\" width=\"1920\" alt=\"\" class=\"slider-1795 slide-1808 msDefaultImage\" title=\"Crans-Montana-club\" \/><\/li>\n            <\/ul>\n        <\/div>\n        \n    <\/div>\n<\/div><\/div>\n\t\t\t\t\t\t<\/div>\n\t\t\t\t<\/div>\n\t\t\t\t\t<\/div>\n\t\t<\/div>\n\t\t\t\t\t<\/div>\n\t\t<\/section>\n\t\t\t\t<section class=\"elementor-section elementor-top-section elementor-element elementor-element-112353a elementor-section-content-top elementor-section-full_width elementor-section-height-default elementor-section-height-default\" data-id=\"112353a\" data-element_type=\"section\" data-e-type=\"section\" data-settings=\"{&quot;background_background&quot;:&quot;classic&quot;}\">\n\t\t\t\t\t\t<div class=\"elementor-container elementor-column-gap-default\">\n\t\t\t\t\t<div class=\"elementor-column elementor-col-100 elementor-top-column elementor-element elementor-element-6882126\" data-id=\"6882126\" data-element_type=\"column\" data-e-type=\"column\" data-settings=\"{&quot;background_background&quot;:&quot;classic&quot;}\">\n\t\t\t<div class=\"elementor-widget-wrap elementor-element-populated\">\n\t\t\t\t\t\t<section class=\"elementor-section elementor-inner-section elementor-element elementor-element-5feea24 elementor-section-content-top elementor-section-full_width elementor-section-height-default elementor-section-height-default\" data-id=\"5feea24\" data-element_type=\"section\" data-e-type=\"section\">\n\t\t\t\t\t\t<div class=\"elementor-container elementor-column-gap-default\">\n\t\t\t\t\t<div class=\"elementor-column elementor-col-100 elementor-inner-column elementor-element elementor-element-5e9e32f\" data-id=\"5e9e32f\" data-element_type=\"column\" data-e-type=\"column\" data-settings=\"{&quot;background_background&quot;:&quot;classic&quot;}\">\n\t\t\t<div class=\"elementor-widget-wrap elementor-element-populated\">\n\t\t\t\t\t\t<div class=\"elementor-element elementor-element-962a4ec elementor-widget elementor-widget-heading\" data-id=\"962a4ec\" data-element_type=\"widget\" data-e-type=\"widget\" data-widget_type=\"heading.default\">\n\t\t\t\t<div class=\"elementor-widget-container\">\n\t\t\t\t\t<h1 class=\"elementor-heading-title elementor-size-xl\">Crans-Montana - Nightlife<\/h1>\t\t\t\t<\/div>\n\t\t\t\t<\/div>\n\t\t\t\t\t<\/div>\n\t\t<\/div>\n\t\t\t\t\t<\/div>\n\t\t<\/section>\n\t\t\t\t<section class=\"elementor-section elementor-inner-section elementor-element elementor-element-19c875a elementor-section-full_width elementor-section-height-default elementor-section-height-default\" data-id=\"19c875a\" data-element_type=\"section\" data-e-type=\"section\">\n\t\t\t\t\t\t<div class=\"elementor-container elementor-column-gap-default\">\n\t\t\t\t\t<div class=\"elementor-column elementor-col-50 elementor-inner-column elementor-element elementor-element-ef268ee\" data-id=\"ef268ee\" data-element_type=\"column\" data-e-type=\"column\">\n\t\t\t<div class=\"elementor-widget-wrap elementor-element-populated\">\n\t\t\t\t\t\t<div class=\"elementor-element elementor-element-3c88535 elementor-widget elementor-widget-text-editor\" data-id=\"3c88535\" data-element_type=\"widget\" data-e-type=\"widget\" data-widget_type=\"text-editor.default\">\n\t\t\t\t<div class=\"elementor-widget-container\">\n\t\t\t\t\t\t\t\t\t<h3 style=\"text-align: left;\">Les nuits peuvent \u00eatres longues\u2026<\/h3><p style=\"text-align: left;\">Beaut\u00e9 du ciel bleu immacul\u00e9 le jour. Plaisir des lumi\u00e8res artificielles la nuit. A Crans-Montana, la nuit a plusieurs visages: apr\u00e8s un bon repas dans l'un des innombrables restaurants de la station, tout est ouvert! Ambiance jazzy d'un piano-bar, atmosph\u00e8re feutr\u00e9e d'un cabaret, ou danse jusqu'au bout de la nuit pour les clubbers d\u00e9cha\u00een\u00e9s.<br \/><br \/>Plus d'informations<\/p><p style=\"padding-left: 40px; text-align: left;\"><a href=\"http:\/\/www.crans-montana.ch\/ete\/fr\/en_station\/nightlife\" target=\"_blank\" rel=\"noopener\">Nightlife \u00e0 Crans-Montana<\/a><\/p>\t\t\t\t\t\t\t\t<\/div>\n\t\t\t\t<\/div>\n\t\t\t\t<div class=\"elementor-element elementor-element-ddff259 elementor-widget elementor-widget-text-editor\" data-id=\"ddff259\" data-element_type=\"widget\" data-e-type=\"widget\" data-widget_type=\"text-editor.default\">\n\t\t\t\t<div class=\"elementor-widget-container\">\n\t\t\t\t\t\t\t\t\t<p>Des questions? N'h\u00e9sitez pas \u00e0 <a href=\"https:\/\/domainedelabaronne.com\/fr\/contact\/\">nous contacter<\/a>.<\/p>\t\t\t\t\t\t\t\t<\/div>\n\t\t\t\t<\/div>\n\t\t\t\t\t<\/div>\n\t\t<\/div>\n\t\t\t\t<div class=\"elementor-column elementor-col-50 elementor-inner-column elementor-element elementor-element-226ef97\" data-id=\"226ef97\" data-element_type=\"column\" data-e-type=\"column\">\n\t\t\t<div class=\"elementor-widget-wrap elementor-element-populated\">\n\t\t\t\t\t\t<div class=\"elementor-element elementor-element-7071147 elementor-widget elementor-widget-image\" data-id=\"7071147\" data-element_type=\"widget\" data-e-type=\"widget\" data-widget_type=\"image.default\">\n\t\t\t\t<div class=\"elementor-widget-container\">\n\t\t\t\t\t\t\t\t\t\t\t\t\t\t\t<img loading=\"lazy\" decoding=\"async\" width=\"600\" height=\"298\" src=\"https:\/\/domainedelabaronne.com\/wp-content\/uploads\/2020\/05\/crans-montana-nightlife-big.jpg\" class=\"attachment-large size-large wp-image-773\" alt=\"\" srcset=\"https:\/\/domainedelabaronne.com\/wp-content\/uploads\/2020\/05\/crans-montana-nightlife-big.jpg 600w, https:\/\/domainedelabaronne.com\/wp-content\/uploads\/2020\/05\/crans-montana-nightlife-big-300x149.jpg 300w\" sizes=\"(max-width: 600px) 100vw, 600px\" \/>\t\t\t\t\t\t\t\t\t\t\t\t\t\t\t<\/div>\n\t\t\t\t<\/div>\n\t\t\t\t<div class=\"elementor-element elementor-element-f09a17b elementor-widget elementor-widget-wp-widget-nav_menu\" data-id=\"f09a17b\" data-element_type=\"widget\" data-e-type=\"widget\" data-widget_type=\"wp-widget-nav_menu.default\">\n\t\t\t\t<div class=\"elementor-widget-container\">\n\t\t\t\t\t<h5>Crans-Montana<\/h5><div class=\"menu-pagina-menu-crans-montana-container\"><ul id=\"menu-pagina-menu-crans-montana\" class=\"menu\"><li id=\"menu-item-755\" class=\"menu-item menu-item-type-post_type menu-item-object-page menu-item-755\"><a href=\"https:\/\/domainedelabaronne.com\/fr\/crans-montana\/\">Crans-Montana<\/a><\/li>\n<li id=\"menu-item-757\" class=\"menu-item menu-item-type-post_type menu-item-object-page menu-item-757\"><a href=\"https:\/\/domainedelabaronne.com\/fr\/crans-montana\/winter-sports\/\">Sports d'hiver<\/a><\/li>\n<li id=\"menu-item-756\" class=\"menu-item menu-item-type-post_type menu-item-object-page menu-item-756\"><a href=\"https:\/\/domainedelabaronne.com\/fr\/crans-montana\/summer-sports\/\">Sports d'\u00e9t\u00e9<\/a><\/li>\n<li id=\"menu-item-782\" class=\"menu-item menu-item-type-post_type menu-item-object-page menu-item-782\"><a href=\"https:\/\/domainedelabaronne.com\/fr\/crans-montana\/restaurants\/\">Restaurants<\/a><\/li>\n<li id=\"menu-item-780\" class=\"menu-item menu-item-type-post_type menu-item-object-page menu-item-780\"><a href=\"https:\/\/domainedelabaronne.com\/fr\/crans-montana\/shopping\/\">Shopping<\/a><\/li>\n<li id=\"menu-item-781\" class=\"menu-item menu-item-type-post_type menu-item-object-page menu-item-781\"><a href=\"https:\/\/domainedelabaronne.com\/fr\/crans-montana\/nightlife\/\">Nightlife<\/a><\/li>\n<li id=\"menu-item-779\" class=\"menu-item menu-item-type-post_type menu-item-object-page menu-item-779\"><a href=\"https:\/\/domainedelabaronne.com\/fr\/crans-montana\/art-culture\/\">Art &#038; Culture<\/a><\/li>\n<\/ul><\/div>\t\t\t\t<\/div>\n\t\t\t\t<\/div>\n\t\t\t\t\t<\/div>\n\t\t<\/div>\n\t\t\t\t\t<\/div>\n\t\t<\/section>\n\t\t\t\t\t<\/div>\n\t\t<\/div>\n\t\t\t\t\t<\/div>\n\t\t<\/section>\n\t\t\t\t<\/div>","protected":false},"excerpt":{"rendered":"<p>Crans-Montana &#8211; Nightlife The nights can be long\u2026 The beauty of an immaculate blue sky in the daytime. The pleasure of artificial lights at nighttime. The night has different faces in Crans-Montana: after a good meal in one of the many restaurants in the resort, everything is open! The jazzy ambiance of a piano-bar, the&hellip;&nbsp;<a href=\"https:\/\/domainedelabaronne.com\/fr\/crans-montana\/nightlife\/\" class=\"\" rel=\"bookmark\">Lire la suite &raquo;<span class=\"screen-reader-text\">Nightlife<\/span><\/a><\/p>","protected":false},"author":1,"featured_media":0,"parent":699,"menu_order":0,"comment_status":"closed","ping_status":"closed","template":"elementor_header_footer","meta":{"footnotes":""},"class_list":["post-760","page","type-page","status-publish","hentry"],"yoast_head":"<!-- This site is optimized with the Yoast SEO plugin v27.4 - https:\/\/yoast.com\/product\/yoast-seo-wordpress\/ -->\n<title>Nightlife - Domaine de la Baronne<\/title>\n<meta name=\"robots\" content=\"index, follow, max-snippet:-1, max-image-preview:large, max-video-preview:-1\" \/>\n<link rel=\"canonical\" href=\"https:\/\/domainedelabaronne.com\/fr\/crans-montana\/nightlife\/\" \/>\n<meta property=\"og:locale\" content=\"fr_FR\" \/>\n<meta property=\"og:type\" content=\"article\" \/>\n<meta property=\"og:title\" content=\"Nightlife - Domaine de la Baronne\" \/>\n<meta property=\"og:description\" content=\"Crans-Montana &#8211; Nightlife The nights can be long\u2026 The beauty of an immaculate blue sky in the daytime. The pleasure of artificial lights at nighttime. The night has different faces in Crans-Montana: after a good meal in one of the many restaurants in the resort, everything is open! The jazzy ambiance of a piano-bar, the&hellip;&nbsp;Lire la suite &raquo;Nightlife\" \/>\n<meta property=\"og:url\" content=\"https:\/\/domainedelabaronne.com\/fr\/crans-montana\/nightlife\/\" \/>\n<meta property=\"og:site_name\" content=\"Domaine de la Baronne\" \/>\n<meta property=\"article:modified_time\" content=\"2020-05-29T06:52:04+00:00\" \/>\n<meta property=\"og:image\" content=\"https:\/\/domainedelabaronne.com\/wp-content\/uploads\/2020\/05\/crans-montana-nightlife-big.jpg\" \/>\n<meta name=\"twitter:card\" content=\"summary_large_image\" \/>\n<script type=\"application\/ld+json\" class=\"yoast-schema-graph\">{\"@context\":\"https:\\\/\\\/schema.org\",\"@graph\":[{\"@type\":\"WebPage\",\"@id\":\"https:\\\/\\\/domainedelabaronne.com\\\/fr\\\/crans-montana\\\/nightlife\\\/\",\"url\":\"https:\\\/\\\/domainedelabaronne.com\\\/fr\\\/crans-montana\\\/nightlife\\\/\",\"name\":\"Nightlife - Domaine de la Baronne\",\"isPartOf\":{\"@id\":\"https:\\\/\\\/domainedelabaronne.com\\\/fr\\\/#website\"},\"primaryImageOfPage\":{\"@id\":\"https:\\\/\\\/domainedelabaronne.com\\\/fr\\\/crans-montana\\\/nightlife\\\/#primaryimage\"},\"image\":{\"@id\":\"https:\\\/\\\/domainedelabaronne.com\\\/fr\\\/crans-montana\\\/nightlife\\\/#primaryimage\"},\"thumbnailUrl\":\"https:\\\/\\\/domainedelabaronne.com\\\/wp-content\\\/uploads\\\/2020\\\/05\\\/crans-montana-nightlife-big.jpg\",\"datePublished\":\"2020-05-18T07:59:54+00:00\",\"dateModified\":\"2020-05-29T06:52:04+00:00\",\"breadcrumb\":{\"@id\":\"https:\\\/\\\/domainedelabaronne.com\\\/fr\\\/crans-montana\\\/nightlife\\\/#breadcrumb\"},\"inLanguage\":\"fr-FR\",\"potentialAction\":[{\"@type\":\"ReadAction\",\"target\":[\"https:\\\/\\\/domainedelabaronne.com\\\/fr\\\/crans-montana\\\/nightlife\\\/\"]}]},{\"@type\":\"ImageObject\",\"inLanguage\":\"fr-FR\",\"@id\":\"https:\\\/\\\/domainedelabaronne.com\\\/fr\\\/crans-montana\\\/nightlife\\\/#primaryimage\",\"url\":\"https:\\\/\\\/domainedelabaronne.com\\\/wp-content\\\/uploads\\\/2020\\\/05\\\/crans-montana-nightlife-big.jpg\",\"contentUrl\":\"https:\\\/\\\/domainedelabaronne.com\\\/wp-content\\\/uploads\\\/2020\\\/05\\\/crans-montana-nightlife-big.jpg\"},{\"@type\":\"BreadcrumbList\",\"@id\":\"https:\\\/\\\/domainedelabaronne.com\\\/fr\\\/crans-montana\\\/nightlife\\\/#breadcrumb\",\"itemListElement\":[{\"@type\":\"ListItem\",\"position\":1,\"name\":\"Home\",\"item\":\"https:\\\/\\\/domainedelabaronne.com\\\/fr\\\/\"},{\"@type\":\"ListItem\",\"position\":2,\"name\":\"Crans-Montana\",\"item\":\"https:\\\/\\\/domainedelabaronne.com\\\/fr\\\/crans-montana\\\/\"},{\"@type\":\"ListItem\",\"position\":3,\"name\":\"Nightlife\"}]},{\"@type\":\"WebSite\",\"@id\":\"https:\\\/\\\/domainedelabaronne.com\\\/fr\\\/#website\",\"url\":\"https:\\\/\\\/domainedelabaronne.com\\\/fr\\\/\",\"name\":\"Domaine de la Baronne\",\"description\":\"Luxury alpine chalet in Swiss. Jacuzzi, sauna and fitness\",\"publisher\":{\"@id\":\"https:\\\/\\\/domainedelabaronne.com\\\/fr\\\/#organization\"},\"potentialAction\":[{\"@type\":\"SearchAction\",\"target\":{\"@type\":\"EntryPoint\",\"urlTemplate\":\"https:\\\/\\\/domainedelabaronne.com\\\/fr\\\/?s={search_term_string}\"},\"query-input\":{\"@type\":\"PropertyValueSpecification\",\"valueRequired\":true,\"valueName\":\"search_term_string\"}}],\"inLanguage\":\"fr-FR\"},{\"@type\":\"Organization\",\"@id\":\"https:\\\/\\\/domainedelabaronne.com\\\/fr\\\/#organization\",\"name\":\"Domaine de la Baronne\",\"url\":\"https:\\\/\\\/domainedelabaronne.com\\\/fr\\\/\",\"logo\":{\"@type\":\"ImageObject\",\"inLanguage\":\"fr-FR\",\"@id\":\"https:\\\/\\\/domainedelabaronne.com\\\/fr\\\/#\\\/schema\\\/logo\\\/image\\\/\",\"url\":\"https:\\\/\\\/domainedelabaronne.com\\\/wp-content\\\/uploads\\\/2020\\\/05\\\/Logo-ddlb-2013-grijs.png\",\"contentUrl\":\"https:\\\/\\\/domainedelabaronne.com\\\/wp-content\\\/uploads\\\/2020\\\/05\\\/Logo-ddlb-2013-grijs.png\",\"width\":421,\"height\":133,\"caption\":\"Domaine de la Baronne\"},\"image\":{\"@id\":\"https:\\\/\\\/domainedelabaronne.com\\\/fr\\\/#\\\/schema\\\/logo\\\/image\\\/\"}}]}<\/script>\n<!-- \/ Yoast SEO plugin. -->","yoast_head_json":{"title":"Nightlife - Domaine de la Baronne","robots":{"index":"index","follow":"follow","max-snippet":"max-snippet:-1","max-image-preview":"max-image-preview:large","max-video-preview":"max-video-preview:-1"},"canonical":"https:\/\/domainedelabaronne.com\/fr\/crans-montana\/nightlife\/","og_locale":"fr_FR","og_type":"article","og_title":"Nightlife - Domaine de la Baronne","og_description":"Crans-Montana &#8211; Nightlife The nights can be long\u2026 The beauty of an immaculate blue sky in the daytime. The pleasure of artificial lights at nighttime. The night has different faces in Crans-Montana: after a good meal in one of the many restaurants in the resort, everything is open! The jazzy ambiance of a piano-bar, the&hellip;&nbsp;Lire la suite &raquo;Nightlife","og_url":"https:\/\/domainedelabaronne.com\/fr\/crans-montana\/nightlife\/","og_site_name":"Domaine de la Baronne","article_modified_time":"2020-05-29T06:52:04+00:00","og_image":[{"url":"https:\/\/domainedelabaronne.com\/wp-content\/uploads\/2020\/05\/crans-montana-nightlife-big.jpg","type":"","width":"","height":""}],"twitter_card":"summary_large_image","schema":{"@context":"https:\/\/schema.org","@graph":[{"@type":"WebPage","@id":"https:\/\/domainedelabaronne.com\/fr\/crans-montana\/nightlife\/","url":"https:\/\/domainedelabaronne.com\/fr\/crans-montana\/nightlife\/","name":"Nightlife - Domaine de la Baronne","isPartOf":{"@id":"https:\/\/domainedelabaronne.com\/fr\/#website"},"primaryImageOfPage":{"@id":"https:\/\/domainedelabaronne.com\/fr\/crans-montana\/nightlife\/#primaryimage"},"image":{"@id":"https:\/\/domainedelabaronne.com\/fr\/crans-montana\/nightlife\/#primaryimage"},"thumbnailUrl":"https:\/\/domainedelabaronne.com\/wp-content\/uploads\/2020\/05\/crans-montana-nightlife-big.jpg","datePublished":"2020-05-18T07:59:54+00:00","dateModified":"2020-05-29T06:52:04+00:00","breadcrumb":{"@id":"https:\/\/domainedelabaronne.com\/fr\/crans-montana\/nightlife\/#breadcrumb"},"inLanguage":"fr-FR","potentialAction":[{"@type":"ReadAction","target":["https:\/\/domainedelabaronne.com\/fr\/crans-montana\/nightlife\/"]}]},{"@type":"ImageObject","inLanguage":"fr-FR","@id":"https:\/\/domainedelabaronne.com\/fr\/crans-montana\/nightlife\/#primaryimage","url":"https:\/\/domainedelabaronne.com\/wp-content\/uploads\/2020\/05\/crans-montana-nightlife-big.jpg","contentUrl":"https:\/\/domainedelabaronne.com\/wp-content\/uploads\/2020\/05\/crans-montana-nightlife-big.jpg"},{"@type":"BreadcrumbList","@id":"https:\/\/domainedelabaronne.com\/fr\/crans-montana\/nightlife\/#breadcrumb","itemListElement":[{"@type":"ListItem","position":1,"name":"Home","item":"https:\/\/domainedelabaronne.com\/fr\/"},{"@type":"ListItem","position":2,"name":"Crans-Montana","item":"https:\/\/domainedelabaronne.com\/fr\/crans-montana\/"},{"@type":"ListItem","position":3,"name":"Nightlife"}]},{"@type":"WebSite","@id":"https:\/\/domainedelabaronne.com\/fr\/#website","url":"https:\/\/domainedelabaronne.com\/fr\/","name":"Domaine de la Baronne","description":"Luxury alpine chalet in Swiss. Jacuzzi, sauna and fitness","publisher":{"@id":"https:\/\/domainedelabaronne.com\/fr\/#organization"},"potentialAction":[{"@type":"SearchAction","target":{"@type":"EntryPoint","urlTemplate":"https:\/\/domainedelabaronne.com\/fr\/?s={search_term_string}"},"query-input":{"@type":"PropertyValueSpecification","valueRequired":true,"valueName":"search_term_string"}}],"inLanguage":"fr-FR"},{"@type":"Organization","@id":"https:\/\/domainedelabaronne.com\/fr\/#organization","name":"Domaine de la Baronne","url":"https:\/\/domainedelabaronne.com\/fr\/","logo":{"@type":"ImageObject","inLanguage":"fr-FR","@id":"https:\/\/domainedelabaronne.com\/fr\/#\/schema\/logo\/image\/","url":"https:\/\/domainedelabaronne.com\/wp-content\/uploads\/2020\/05\/Logo-ddlb-2013-grijs.png","contentUrl":"https:\/\/domainedelabaronne.com\/wp-content\/uploads\/2020\/05\/Logo-ddlb-2013-grijs.png","width":421,"height":133,"caption":"Domaine de la Baronne"},"image":{"@id":"https:\/\/domainedelabaronne.com\/fr\/#\/schema\/logo\/image\/"}}]}},"jetpack_sharing_enabled":true,"_links":{"self":[{"href":"https:\/\/domainedelabaronne.com\/fr\/wp-json\/wp\/v2\/pages\/760","targetHints":{"allow":["GET"]}}],"collection":[{"href":"https:\/\/domainedelabaronne.com\/fr\/wp-json\/wp\/v2\/pages"}],"about":[{"href":"https:\/\/domainedelabaronne.com\/fr\/wp-json\/wp\/v2\/types\/page"}],"author":[{"embeddable":true,"href":"https:\/\/domainedelabaronne.com\/fr\/wp-json\/wp\/v2\/users\/1"}],"replies":[{"embeddable":true,"href":"https:\/\/domainedelabaronne.com\/fr\/wp-json\/wp\/v2\/comments?post=760"}],"version-history":[{"count":11,"href":"https:\/\/domainedelabaronne.com\/fr\/wp-json\/wp\/v2\/pages\/760\/revisions"}],"predecessor-version":[{"id":1908,"href":"https:\/\/domainedelabaronne.com\/fr\/wp-json\/wp\/v2\/pages\/760\/revisions\/1908"}],"up":[{"embeddable":true,"href":"https:\/\/domainedelabaronne.com\/fr\/wp-json\/wp\/v2\/pages\/699"}],"wp:attachment":[{"href":"https:\/\/domainedelabaronne.com\/fr\/wp-json\/wp\/v2\/media?parent=760"}],"curies":[{"name":"wp","href":"https:\/\/api.w.org\/{rel}","templated":true}]}}